{"id":5878,"date":"2015-01-27T14:24:03","date_gmt":"2015-01-27T14:24:03","guid":{"rendered":"http:\/\/sadorivercountryretreat.com\/?page_id=5878"},"modified":"2021-07-29T11:24:19","modified_gmt":"2021-07-29T11:24:19","slug":"suites","status":"publish","type":"page","link":"http:\/\/casasdoriosado.com\/pt\/suites\/","title":{"rendered":"Suites"},"content":{"rendered":"[mk_page_section bg_image=&#8221;http:\/\/casasdoriosado.com\/pt\/wp-content\/uploads\/2015\/01\/casas_do_rio_sado_imagem_de_fundo.jpg&#8221; bg_position=&#8221;center bottom&#8221; bg_stretch=&#8221;true&#8221; video_mask=&#8221;true&#8221; video_opacity=&#8221;0.9&#8243; full_height=&#8221;true&#8221; padding_top=&#8221;0&#8243; padding_bottom=&#8221;0&#8243; sidebar=&#8221;sidebar-1&#8243; first_page=&#8221;false&#8221; last_page=&#8221;false&#8221;][vc_column][mk_fancy_title color=&#8221;#ffffff&#8221; size=&#8221;40&#8243; force_font_size=&#8221;true&#8221; font_weight=&#8221;300&#8243; txt_transform=&#8221;uppercase&#8221; margin_bottom=&#8221;18&#8243; font_family=&#8221;none&#8221; align=&#8221;center&#8221;]entre tons luminosos e padr\u00f5es\u00a0naturais,<br \/>\nabrem-se vistas sobre os arrozais&#8230;[\/mk_fancy_title][vc_column_text disable_pattern=&#8221;false&#8221; align=&#8221;center&#8221;]<span style=\"color: #ffffff;\">Espelhos de \u00e1gua na Primavera, verdes ondulantes no Ver\u00e3o<\/span><br \/>\n<span style=\"color: #ffffff;\"> e castanhos repousantes no Outono e Inverno.<\/span>[\/vc_column_text][mk_padding_divider size=&#8221;30&#8243;][vc_row_inner][vc_column_inner width=&#8221;1\/4&#8243;][\/vc_column_inner][vc_column_inner width=&#8221;1\/4&#8243;][mk_button dimension=&#8221;flat&#8221; corner_style=&#8221;rounded&#8221; size=&#8221;large&#8221; url=&#8221;?page_id=5882&#8243; align=&#8221;center&#8221; fullwidth=&#8221;true&#8221; bg_color=&#8221;#00a651&#8243; btn_hover_bg=&#8221;#252525&#8243;]RESERVAR[\/mk_button][\/vc_column_inner][vc_column_inner width=&#8221;1\/4&#8243;][mk_button dimension=&#8221;flat&#8221; corner_style=&#8221;rounded&#8221; size=&#8221;large&#8221; url=&#8221;#suites&#8221; align=&#8221;center&#8221; fullwidth=&#8221;true&#8221; bg_color=&#8221;#bb9f4a&#8221; btn_hover_bg=&#8221;#252525&#8243;]VER AS SUITES[\/mk_button][\/vc_column_inner][vc_column_inner width=&#8221;1\/4&#8243;][\/vc_column_inner][\/vc_row_inner][\/vc_column][\/mk_page_section][mk_page_section bg_position=&#8221;center bottom&#8221; bg_stretch=&#8221;true&#8221; padding_top=&#8221;0&#8243; padding_bottom=&#8221;0&#8243; section_id=&#8221;suites&#8221; sidebar=&#8221;sidebar-1&#8243; first_page=&#8221;false&#8221; last_page=&#8221;false&#8221;][vc_column width=&#8221;1\/6&#8243;][\/vc_column][vc_column width=&#8221;2\/3&#8243;][mk_fancy_title color=&#8221;#393836&#8243; size=&#8221;25&#8243; font_weight=&#8221;300&#8243; txt_transform=&#8221;uppercase&#8221; margin_top=&#8221;40&#8243; margin_bottom=&#8221;10&#8243; font_family=&#8221;none&#8221; align=&#8221;center&#8221;]Suites[\/mk_fancy_title][vc_column_text disable_pattern=&#8221;false&#8221; align=&#8221;center&#8221; css=&#8221;.vc_custom_1623495393571{margin-bottom: 20px !important;}&#8221;]Durma embalado pela tranquilidade dos arrozais, abra a janela ao sol que nasce no horizonte e mergulhe na luz do Alentejo. As suites eram antigas casas dos trabalhadores da herdade agr\u00edcola que foram remodeladas, mantendo o seu caracter independente e a entrada direta pelo exterior.[\/vc_column_text][mk_image src=&#8221;http:\/\/casasdoriosado.com\/pt\/wp-content\/uploads\/2019\/12\/balcony_800x600.jpg&#8221; image_height=&#8221;600&#8243; group=&#8221;_general&#8221; align=&#8221;center&#8221; margin_bottom=&#8221;20&#8243; crop=&#8221;false&#8221;][vc_column_text disable_pattern=&#8221;false&#8221; align=&#8221;center&#8221; css=&#8221;.vc_custom_1623445388811{margin-bottom: 20px !important;}&#8221;]Decoradas com tons luminosos, as nossas 15 suites t\u00eam vista para os arrozais e suas varia\u00e7\u00f5es sazonais: espelhos de \u00e1gua na Primavera, verdes ondulantes no Ver\u00e3o e castanhos repousantes no Outono e Inverno.[\/vc_column_text][mk_fancy_title color=&#8221;#393836&#8243; size=&#8221;20&#8243; font_weight=&#8221;300&#8243; txt_transform=&#8221;uppercase&#8221; margin_top=&#8221;10&#8243; margin_bottom=&#8221;0&#8243; font_family=&#8221;none&#8221; align=&#8221;center&#8221;]Tons de Laranja[\/mk_fancy_title][mk_gallery images=&#8221;9636,9656&#8243; column=&#8221;2&#8243; image_size=&#8221;full&#8221; item_spacing=&#8221;1&#8243; margin_bottom=&#8221;40&#8243; orderby=&#8221;post__in&#8221; image_quality=&#8221;1&#8243; item_id=&#8221;1424108972-54e22dac9eb2e&#8221;][mk_fancy_title color=&#8221;#393836&#8243; size=&#8221;20&#8243; font_weight=&#8221;300&#8243; txt_transform=&#8221;uppercase&#8221; margin_top=&#8221;10&#8243; margin_bottom=&#8221;0&#8243; font_family=&#8221;none&#8221; align=&#8221;center&#8221;]Tons de Azul[\/mk_fancy_title][mk_gallery images=&#8221;9657,9633&#8243; column=&#8221;2&#8243; image_size=&#8221;full&#8221; item_spacing=&#8221;1&#8243; margin_bottom=&#8221;40&#8243; orderby=&#8221;post__in&#8221; image_quality=&#8221;1&#8243; item_id=&#8221;1424108972-54e22dac9eb2e&#8221;][mk_fancy_title color=&#8221;#393836&#8243; size=&#8221;20&#8243; font_weight=&#8221;300&#8243; txt_transform=&#8221;uppercase&#8221; margin_top=&#8221;10&#8243; margin_bottom=&#8221;0&#8243; font_family=&#8221;none&#8221; align=&#8221;center&#8221;]Comodidades[\/mk_fancy_title][mk_gallery images=&#8221;9500,9629&#8243; column=&#8221;2&#8243; image_size=&#8221;full&#8221; item_spacing=&#8221;1&#8243; margin_bottom=&#8221;40&#8243; orderby=&#8221;post__in&#8221; image_quality=&#8221;1&#8243; item_id=&#8221;1424108972-54e22dac9eb2e&#8221;][vc_column_text disable_pattern=&#8221;false&#8221; align=&#8221;center&#8221; margin_bottom=&#8221;20&#8243; css=&#8221;.vc_custom_1623446306595{margin-bottom: 20px !important;}&#8221;]As Suites (27 m2) s\u00e3o modernas e confort\u00e1veis; est\u00e3o equipadas com ar condicionado e WIFI e s\u00e3o compostas por uma pequena sala de estar com secret\u00e1ria e sof\u00e1, um quarto duplo que pode ser transformado em twin, um grande roupeiro embutido, uma casa de banho com cabine de duche, um terra\u00e7o comum com 3,20 m de profundidade com vista para os arrozais e uma zona de p\u00e1tio nas traseiras.[\/vc_column_text][mk_image src=&#8221;http:\/\/casasdoriosado.com\/pt\/wp-content\/uploads\/2015\/01\/suite_planta_pt2.png&#8221; image_height=&#8221;600&#8243; group=&#8221;_general&#8221; align=&#8221;center&#8221; margin_bottom=&#8221;20&#8243; crop=&#8221;false&#8221;][mk_fancy_title color=&#8221;#393836&#8243; size=&#8221;15&#8243; font_weight=&#8221;300&#8243; txt_transform=&#8221;uppercase&#8221; margin_bottom=&#8221;0&#8243; font_family=&#8221;none&#8221; responsive_align=&#8221;left&#8221;]Espa\u00e7o[\/mk_fancy_title][vc_column_text disable_pattern=&#8221;false&#8221; css=&#8221;.vc_custom_1623495950376{margin-bottom: 20px !important;}&#8221;]\u2022 Dormem 2 + 1*<br \/>\n\u2022 Ber\u00e7o dispon\u00edvel para crian\u00e7as at\u00e9 aos 3 anos com um custo de 10\u20ac por noite<br \/>\n\u2022 * O sof\u00e1 pode ser usado como cama extra com um custo de 30\u20ac por noite[\/vc_column_text][mk_fancy_title color=&#8221;#393836&#8243; size=&#8221;15&#8243; font_weight=&#8221;300&#8243; txt_transform=&#8221;uppercase&#8221; margin_bottom=&#8221;0&#8243; font_family=&#8221;none&#8221; responsive_align=&#8221;left&#8221;]Comodidades[\/mk_fancy_title][vc_column_text disable_pattern=&#8221;false&#8221; css=&#8221;.vc_custom_1623445451150{margin-bottom: 20px !important;}&#8221;]Acesso direto ao exterior<br \/>\nVista para os arrozais<br \/>\nVaranda compartilhada com 3,20 m de profundidade<br \/>\nSecador de cabelo<br \/>\nAr condicionado com controlo individual<br \/>\nWifi gr\u00e1tis<br \/>\nTelevis\u00e3o<br \/>\nCheck-in a partir das 15:00 | Check-out at\u00e9 \u00e0s 11:00[\/vc_column_text][mk_fancy_title color=&#8221;#393836&#8243; size=&#8221;15&#8243; font_weight=&#8221;300&#8243; txt_transform=&#8221;uppercase&#8221; margin_bottom=&#8221;0&#8243; font_family=&#8221;none&#8221; responsive_align=&#8221;left&#8221;]Inclu\u00eddo[\/mk_fancy_title][vc_column_text disable_pattern=&#8221;false&#8221; css=&#8221;.vc_custom_1627557855742{margin-bottom: 20px !important;}&#8221;]Piscinas exteriores (Primavera \/ Ver\u00e3o)<br \/>\nCozinha compartilhada com os outros h\u00f3spedes (temporariamente indispon\u00edvel)<br \/>\nBicicletas gratuitas para descobrir a propriedade (sujeito a disponibilidade)<br \/>\nCampo de jogos ao ar livre<br \/>\nUma bela propriedade de 270 hectares para explorar[\/vc_column_text][\/vc_column][vc_column width=&#8221;1\/6&#8243;][\/vc_column][\/mk_page_section][mk_page_section bg_position=&#8221;center top&#8221; bg_stretch=&#8221;true&#8221; padding_top=&#8221;50&#8243; padding_bottom=&#8221;100&#8243; sidebar=&#8221;sidebar-1&#8243; first_page=&#8221;false&#8221; last_page=&#8221;false&#8221;][vc_column width=&#8221;1\/4&#8243;][\/vc_column][vc_column width=&#8221;1\/2&#8243;][vc_separator color=&#8221;custom&#8221; accent_color=&#8221;#333333&#8243;][mk_fancy_title color=&#8221;#393836&#8243; size=&#8221;30&#8243; font_weight=&#8221;300&#8243; font_style=&#8221;inhert&#8221; txt_transform=&#8221;uppercase&#8221; margin_top=&#8221;40&#8243; margin_bottom=&#8221;30&#8243; font_family=&#8221;none&#8221; align=&#8221;center&#8221;]Reservas e Pre\u00e7os[\/mk_fancy_title][vc_row_inner][vc_column_inner width=&#8221;1\/2&#8243;][mk_button dimension=&#8221;flat&#8221; corner_style=&#8221;rounded&#8221; size=&#8221;large&#8221; url=&#8221;?page_id=5882&#8243; align=&#8221;center&#8221; fullwidth=&#8221;true&#8221; bg_color=&#8221;#00a651&#8243; btn_hover_bg=&#8221;#252525&#8243;]RESERVAR[\/mk_button][\/vc_column_inner][vc_column_inner width=&#8221;1\/2&#8243;][mk_button dimension=&#8221;flat&#8221; corner_style=&#8221;rounded&#8221; size=&#8221;large&#8221; url=&#8221;?page_id=5874&#8243; align=&#8221;center&#8221; fullwidth=&#8221;true&#8221; bg_color=&#8221;#bb9f4a&#8221; btn_hover_bg=&#8221;#252525&#8243;]DESCOBRIR MAIS[\/mk_button][\/vc_column_inner][\/vc_row_inner][\/vc_column][vc_column width=&#8221;1\/4&#8243;][\/vc_column][\/mk_page_section]\n","protected":false},"excerpt":{"rendered":"<p>[mk_page_section bg_image=&#8221;http:\/\/casasdoriosado.com\/pt\/wp-content\/uploads\/2015\/01\/casas_do_rio_sado_imagem_de_fundo.jpg&#8221; bg_position=&#8221;center bottom&#8221; bg_stretch=&#8221;true&#8221; video_mask=&#8221;true&#8221; video_opacity=&#8221;0.9&#8243; full_height=&#8221;true&#8221; padding_top=&#8221;0&#8243; padding_bottom=&#8221;0&#8243; sidebar=&#8221;sidebar-1&#8243; first_page=&#8221;false&#8221; last_page=&#8221;false&#8221;][vc_column][mk_fancy_title color=&#8221;#ffffff&#8221; size=&#8221;40&#8243; force_font_size=&#8221;true&#8221; font_weight=&#8221;300&#8243; txt_transform=&#8221;uppercase&#8221; margin_bottom=&#8221;18&#8243; font_family=&#8221;none&#8221; align=&#8221;center&#8221;]entre tons luminosos e padr\u00f5es\u00a0naturais, abrem-se vistas sobre os arrozais&#8230;[\/mk_fancy_title][vc_column_text disable_pattern=&#8221;false&#8221; align=&#8221;center&#8221;]Espelhos de \u00e1gua na Primavera, verdes ondulantes no Ver\u00e3o e castanhos repousantes no Outono e Inverno.[\/vc_column_text][mk_padding_divider size=&#8221;30&#8243;][vc_row_inner][vc_column_inner width=&#8221;1\/4&#8243;][\/vc_column_inner][vc_column_inner width=&#8221;1\/4&#8243;][mk_button dimension=&#8221;flat&#8221; corner_style=&#8221;rounded&#8221; size=&#8221;large&#8221; url=&#8221;?page_id=5882&#8243; align=&#8221;center&#8221; [&hellip;]<\/p>\n","protected":false},"author":1,"featured_media":0,"parent":0,"menu_order":0,"comment_status":"closed","ping_status":"closed","template":"","meta":{"footnotes":""},"_links":{"self":[{"href":"http:\/\/casasdoriosado.com\/pt\/wp-json\/wp\/v2\/pages\/5878"}],"collection":[{"href":"http:\/\/casasdoriosado.com\/pt\/wp-json\/wp\/v2\/pages"}],"about":[{"href":"http:\/\/casasdoriosado.com\/pt\/wp-json\/wp\/v2\/types\/page"}],"author":[{"embeddable":true,"href":"http:\/\/casasdoriosado.com\/pt\/wp-json\/wp\/v2\/users\/1"}],"replies":[{"embeddable":true,"href":"http:\/\/casasdoriosado.com\/pt\/wp-json\/wp\/v2\/comments?post=5878"}],"version-history":[{"count":320,"href":"http:\/\/casasdoriosado.com\/pt\/wp-json\/wp\/v2\/pages\/5878\/revisions"}],"predecessor-version":[{"id":9851,"href":"http:\/\/casasdoriosado.com\/pt\/wp-json\/wp\/v2\/pages\/5878\/revisions\/9851"}],"wp:attachment":[{"href":"http:\/\/casasdoriosado.com\/pt\/wp-json\/wp\/v2\/media?parent=5878"}],"curies":[{"name":"wp","href":"https:\/\/api.w.org\/{rel}","templated":true}]}}