{"id":6693,"date":"2015-07-02T15:04:31","date_gmt":"2015-07-02T15:04:31","guid":{"rendered":"http:\/\/casasdoriosado.com\/pt\/?page_id=6693"},"modified":"2022-08-10T17:54:23","modified_gmt":"2022-08-10T17:54:23","slug":"connosco","status":"publish","type":"page","link":"http:\/\/casasdoriosado.com\/pt\/connosco\/","title":{"rendered":"Um dia connosco"},"content":{"rendered":"[mk_page_section bg_image=&#8221;http:\/\/casasdoriosado.com\/pt\/wp-content\/uploads\/2015\/07\/casas_do_rio_sado_explorar.jpg&#8221; bg_position=&#8221;center bottom&#8221; bg_stretch=&#8221;true&#8221; video_mask=&#8221;true&#8221; min_height=&#8221;0&#8243; full_height=&#8221;true&#8221; padding_top=&#8221;0&#8243; padding_bottom=&#8221;0&#8243; sidebar=&#8221;sidebar-1&#8243; first_page=&#8221;false&#8221; last_page=&#8221;false&#8221;][vc_column][mk_fancy_title color=&#8221;#ffffff&#8221; size=&#8221;42&#8243; font_weight=&#8221;300&#8243; font_style=&#8221;inhert&#8221; txt_transform=&#8221;uppercase&#8221; margin_bottom=&#8221;18&#8243; font_family=&#8221;none&#8221; align=&#8221;center&#8221;]Explorar a p\u00e9 ou de bicicleta<br \/>\ndiferentes percursos junto ao\u00a0rio &#8230;[\/mk_fancy_title][vc_column_text disable_pattern=&#8221;false&#8221; align=&#8221;center&#8221;]<span style=\"color: #ffffff;\">aproveitando para descansar num dos baloi\u00e7os pendurados nas \u00e1rvores.<\/span>[\/vc_column_text][mk_padding_divider size=&#8221;30&#8243;][vc_row_inner][vc_column_inner width=&#8221;1\/4&#8243;][\/vc_column_inner][vc_column_inner width=&#8221;1\/4&#8243;][mk_button dimension=&#8221;flat&#8221; corner_style=&#8221;rounded&#8221; size=&#8221;large&#8221; url=&#8221;?page_id=5882&#8243; align=&#8221;center&#8221; fullwidth=&#8221;true&#8221; bg_color=&#8221;#00a651&#8243; btn_hover_bg=&#8221;#252525&#8243;]RESERVAR[\/mk_button][\/vc_column_inner][vc_column_inner width=&#8221;1\/4&#8243;][mk_button dimension=&#8221;flat&#8221; corner_style=&#8221;rounded&#8221; size=&#8221;large&#8221; url=&#8221;#Experiencias&#8221; align=&#8221;center&#8221; fullwidth=&#8221;true&#8221; bg_color=&#8221;#bb9f4a&#8221; btn_hover_bg=&#8221;#252525&#8243;]DESCOBRIR MAIS[\/mk_button][\/vc_column_inner][vc_column_inner width=&#8221;1\/4&#8243;][\/vc_column_inner][\/vc_row_inner][\/vc_column][\/mk_page_section][mk_page_section bg_position=&#8221;center bottom&#8221; bg_stretch=&#8221;true&#8221; padding_top=&#8221;0&#8243; padding_bottom=&#8221;0&#8243; section_id=&#8221;Experiencias&#8221; sidebar=&#8221;sidebar-1&#8243; first_page=&#8221;false&#8221; last_page=&#8221;false&#8221;][vc_column width=&#8221;1\/6&#8243;][\/vc_column][vc_column width=&#8221;2\/3&#8243;][mk_fancy_title color=&#8221;#393836&#8243; size=&#8221;30&#8243; font_weight=&#8221;300&#8243; txt_transform=&#8221;uppercase&#8221; margin_top=&#8221;80&#8243; margin_bottom=&#8221;30&#8243; font_family=&#8221;none&#8221; align=&#8221;center&#8221;]Um dia<br \/>\nnas Casas do Rio Sado&#8230;[\/mk_fancy_title][mk_image src=&#8221;http:\/\/casasdoriosado.com\/pt\/wp-content\/uploads\/2019\/12\/pools_sunrise_800x600.jpg&#8221; image_height=&#8221;600&#8243; align=&#8221;center&#8221;][vc_column_text disable_pattern=&#8221;false&#8221; align=&#8221;center&#8221; margin_bottom=&#8221;30&#8243; css=&#8221;.vc_custom_1614810084591{margin-bottom: 50px !important;}&#8221;]Acordar com o \u201csil\u00eancio\u201d da natureza, pregui\u00e7ar no seu terra\u00e7o e descansar a vista sobre os extensos arrozais.[\/vc_column_text][mk_image src=&#8221;http:\/\/casasdoriosado.com\/pt\/wp-content\/uploads\/2019\/12\/breakfast_window_800x600.jpg&#8221; image_height=&#8221;600&#8243; align=&#8221;center&#8221;][vc_column_text disable_pattern=&#8221;false&#8221; align=&#8221;center&#8221; margin_bottom=&#8221;30&#8243; css=&#8221;.vc_custom_1660154046361{margin-bottom: 50px !important;}&#8221;]Tomar o pequeno almo\u00e7o no terra\u00e7o, no telheiro ou na sala de pequeno almo\u00e7o.[\/vc_column_text][mk_image src=&#8221;http:\/\/casasdoriosado.com\/pt\/wp-content\/uploads\/2020\/01\/pool-view.jpg&#8221; image_height=&#8221;600&#8243; align=&#8221;center&#8221;][vc_column_text disable_pattern=&#8221;false&#8221; align=&#8221;center&#8221; margin_bottom=&#8221;30&#8243; css=&#8221;.vc_custom_1614810103425{margin-bottom: 50px !important;}&#8221;]Nadar ou apenas relaxar numa das nossas duas piscinas, deixando a vista alongar-se pelos arrozais.[\/vc_column_text][mk_image src=&#8221;http:\/\/casasdoriosado.com\/pt\/wp-content\/uploads\/2019\/12\/river_view_800x600-1.jpg&#8221; image_height=&#8221;600&#8243; align=&#8221;center&#8221;][vc_column_text disable_pattern=&#8221;false&#8221; align=&#8221;center&#8221; margin_bottom=&#8221;30&#8243; css=&#8221;.vc_custom_1614810115079{margin-bottom: 50px !important;}&#8221;]Explorar a p\u00e9 ou de bicicleta diferentes percursos ao longo da margem do rio ou no Montado, aproveitando para descansar num dos baloi\u00e7os pendurados nas \u00e1rvores.[\/vc_column_text][mk_image src=&#8221;http:\/\/casasdoriosado.com\/pt\/wp-content\/uploads\/2019\/12\/guest_kitchen_800x600.jpg&#8221; image_height=&#8221;600&#8243; align=&#8221;center&#8221;][vc_column_text disable_pattern=&#8221;false&#8221; align=&#8221;center&#8221; margin_bottom=&#8221;30&#8243; css=&#8221;.vc_custom_1627557897312{margin-bottom: 50px !important;}&#8221;]Cozinhar individualmente ou em grupo na cozinha dos h\u00f3spedes (temporariamente indispon\u00edvel).[\/vc_column_text][mk_image src=&#8221;http:\/\/casasdoriosado.com\/pt\/wp-content\/uploads\/2019\/12\/heron_800x600-1.jpg&#8221; image_height=&#8221;600&#8243; align=&#8221;center&#8221;][vc_column_text disable_pattern=&#8221;false&#8221; align=&#8221;center&#8221; margin_bottom=&#8221;30&#8243;]Observar a fauna local, em particular as aves aqu\u00e1ticas e de montado, numa regi\u00e3o onde foram identificadas 91 aves diferentes.[\/vc_column_text][mk_image src=&#8221;http:\/\/casasdoriosado.com\/pt\/wp-content\/uploads\/2019\/12\/sobreira.jpg&#8221; image_height=&#8221;600&#8243; align=&#8221;center&#8221;][vc_column_text disable_pattern=&#8221;false&#8221; align=&#8221;center&#8221; margin_bottom=&#8221;30&#8243; css=&#8221;.vc_custom_1623498244176{margin-bottom: 50px !important;}&#8221;]Conhecer a \u201cSobreira da Longa Vida\u201d &#8211; reza a lenda que quem der 2 voltas em seu redor viver\u00e1 at\u00e9 aos 100 anos.[\/vc_column_text][mk_image src=&#8221;http:\/\/casasdoriosado.com\/pt\/wp-content\/uploads\/2021\/06\/preparing_picnic_800x600.jpg&#8221; image_height=&#8221;600&#8243; align=&#8221;center&#8221;][vc_column_text disable_pattern=&#8221;false&#8221; align=&#8221;center&#8221; margin_bottom=&#8221;30&#8243; css=&#8221;.vc_custom_1623498169198{margin-bottom: 50px !important;}&#8221;]Contemplar a paisagem num dos nossos miradouros, fazer um piquenique sob o sombreiro de madeira e desfrutar de um magn\u00edfico p\u00f4r do sol.[\/vc_column_text][mk_image src=&#8221;http:\/\/casasdoriosado.com\/pt\/wp-content\/uploads\/2019\/12\/suite_night_800x600.jpg&#8221; image_height=&#8221;600&#8243; align=&#8221;center&#8221;][vc_column_text disable_pattern=&#8221;false&#8221; align=&#8221;center&#8221;]E finalmente, relaxar no terra\u00e7o entre estrelas e sons naturais.[\/vc_column_text][\/vc_column][vc_column width=&#8221;1\/6&#8243;][\/vc_column][\/mk_page_section][mk_page_section bg_position=&#8221;center top&#8221; bg_stretch=&#8221;true&#8221; padding_top=&#8221;50&#8243; padding_bottom=&#8221;100&#8243; sidebar=&#8221;sidebar-1&#8243; first_page=&#8221;false&#8221; last_page=&#8221;false&#8221;][vc_column width=&#8221;1\/4&#8243;][\/vc_column][vc_column width=&#8221;1\/2&#8243;][vc_separator color=&#8221;custom&#8221; accent_color=&#8221;#333333&#8243;][mk_fancy_title color=&#8221;#393836&#8243; size=&#8221;30&#8243; font_weight=&#8221;300&#8243; txt_transform=&#8221;uppercase&#8221; margin_top=&#8221;40&#8243; margin_bottom=&#8221;30&#8243; font_family=&#8221;none&#8221; align=&#8221;center&#8221;]Pre\u00e7os e Reservas[\/mk_fancy_title][vc_row_inner][vc_column_inner width=&#8221;1\/2&#8243;][mk_button dimension=&#8221;flat&#8221; corner_style=&#8221;rounded&#8221; size=&#8221;large&#8221; url=&#8221;?page_id=5882&#8243; align=&#8221;center&#8221; fullwidth=&#8221;true&#8221; bg_color=&#8221;#00a651&#8243; btn_hover_bg=&#8221;#252525&#8243;]RESERVAR[\/mk_button][\/vc_column_inner][vc_column_inner width=&#8221;1\/2&#8243;][mk_button dimension=&#8221;flat&#8221; corner_style=&#8221;rounded&#8221; size=&#8221;large&#8221; url=&#8221;?page_id=5882&#8243; align=&#8221;center&#8221; fullwidth=&#8221;true&#8221; bg_color=&#8221;#bb9f4a&#8221; btn_hover_bg=&#8221;#252525&#8243;]DESCOBRIR MAIS[\/mk_button][\/vc_column_inner][\/vc_row_inner][\/vc_column][vc_column width=&#8221;1\/4&#8243;][\/vc_column][\/mk_page_section]\n","protected":false},"excerpt":{"rendered":"<p>[mk_page_section bg_image=&#8221;http:\/\/casasdoriosado.com\/pt\/wp-content\/uploads\/2015\/07\/casas_do_rio_sado_explorar.jpg&#8221; bg_position=&#8221;center bottom&#8221; bg_stretch=&#8221;true&#8221; video_mask=&#8221;true&#8221; min_height=&#8221;0&#8243; full_height=&#8221;true&#8221; padding_top=&#8221;0&#8243; padding_bottom=&#8221;0&#8243; sidebar=&#8221;sidebar-1&#8243; first_page=&#8221;false&#8221; last_page=&#8221;false&#8221;][vc_column][mk_fancy_title color=&#8221;#ffffff&#8221; size=&#8221;42&#8243; font_weight=&#8221;300&#8243; font_style=&#8221;inhert&#8221; txt_transform=&#8221;uppercase&#8221; margin_bottom=&#8221;18&#8243; font_family=&#8221;none&#8221; align=&#8221;center&#8221;]Explorar a p\u00e9 ou de bicicleta diferentes percursos junto ao\u00a0rio &#8230;[\/mk_fancy_title][vc_column_text disable_pattern=&#8221;false&#8221; align=&#8221;center&#8221;]aproveitando para descansar num dos baloi\u00e7os pendurados nas \u00e1rvores.[\/vc_column_text][mk_padding_divider size=&#8221;30&#8243;][vc_row_inner][vc_column_inner width=&#8221;1\/4&#8243;][\/vc_column_inner][vc_column_inner width=&#8221;1\/4&#8243;][mk_button dimension=&#8221;flat&#8221; corner_style=&#8221;rounded&#8221; size=&#8221;large&#8221; url=&#8221;?page_id=5882&#8243; align=&#8221;center&#8221; fullwidth=&#8221;true&#8221; bg_color=&#8221;#00a651&#8243; btn_hover_bg=&#8221;#252525&#8243;]RESERVAR[\/mk_button][\/vc_column_inner][vc_column_inner width=&#8221;1\/4&#8243;][mk_button dimension=&#8221;flat&#8221; corner_style=&#8221;rounded&#8221; [&hellip;]<\/p>\n","protected":false},"author":1,"featured_media":0,"parent":0,"menu_order":0,"comment_status":"closed","ping_status":"closed","template":"","meta":{"footnotes":""},"_links":{"self":[{"href":"http:\/\/casasdoriosado.com\/pt\/wp-json\/wp\/v2\/pages\/6693"}],"collection":[{"href":"http:\/\/casasdoriosado.com\/pt\/wp-json\/wp\/v2\/pages"}],"about":[{"href":"http:\/\/casasdoriosado.com\/pt\/wp-json\/wp\/v2\/types\/page"}],"author":[{"embeddable":true,"href":"http:\/\/casasdoriosado.com\/pt\/wp-json\/wp\/v2\/users\/1"}],"replies":[{"embeddable":true,"href":"http:\/\/casasdoriosado.com\/pt\/wp-json\/wp\/v2\/comments?post=6693"}],"version-history":[{"count":231,"href":"http:\/\/casasdoriosado.com\/pt\/wp-json\/wp\/v2\/pages\/6693\/revisions"}],"predecessor-version":[{"id":9864,"href":"http:\/\/casasdoriosado.com\/pt\/wp-json\/wp\/v2\/pages\/6693\/revisions\/9864"}],"wp:attachment":[{"href":"http:\/\/casasdoriosado.com\/pt\/wp-json\/wp\/v2\/media?parent=6693"}],"curies":[{"name":"wp","href":"https:\/\/api.w.org\/{rel}","templated":true}]}}