{"id":5874,"date":"2015-01-27T14:22:13","date_gmt":"2015-01-27T14:22:13","guid":{"rendered":"http:\/\/sadorivercountryretreat.com\/?page_id=5874"},"modified":"2023-06-16T18:21:34","modified_gmt":"2023-06-16T18:21:34","slug":"sustentabilidade","status":"publish","type":"page","link":"https:\/\/casasdoriosado.com\/pt\/sustentabilidade\/","title":{"rendered":"Sustentabilidade"},"content":{"rendered":"[mk_page_section bg_image=&#8221;http:\/\/casasdoriosado.com\/pt\/wp-content\/uploads\/2015\/01\/casas_do_rio_sado_experiencias_2.jpg&#8221; bg_position=&#8221;center bottom&#8221; bg_stretch=&#8221;true&#8221; video_mask=&#8221;true&#8221; full_height=&#8221;true&#8221; padding_top=&#8221;0&#8243; padding_bottom=&#8221;0&#8243; sidebar=&#8221;sidebar-1&#8243; first_page=&#8221;false&#8221; last_page=&#8221;false&#8221;][vc_column][mk_fancy_title color=&#8221;#ffffff&#8221; size=&#8221;42&#8243; force_font_size=&#8221;true&#8221; font_weight=&#8221;300&#8243; txt_transform=&#8221;uppercase&#8221; margin_bottom=&#8221;18&#8243; font_family=&#8221;none&#8221; align=&#8221;center&#8221;]Sustentabilidade[\/mk_fancy_title][vc_column_text disable_pattern=&#8221;false&#8221; align=&#8221;center&#8221; css=&#8221;.vc_custom_1614801057841{margin-bottom: 0px !important;}&#8221;][\/vc_column_text][mk_padding_divider size=&#8221;30&#8243;][vc_row_inner][vc_column_inner width=&#8221;1\/4&#8243;][\/vc_column_inner][vc_column_inner width=&#8221;1\/4&#8243;][mk_button dimension=&#8221;flat&#8221; corner_style=&#8221;rounded&#8221; size=&#8221;large&#8221; url=&#8221;?page_id=5882&#8243; align=&#8221;center&#8221; fullwidth=&#8221;true&#8221; bg_color=&#8221;#00a651&#8243; btn_hover_bg=&#8221;#252525&#8243;]RESERVAR[\/mk_button][\/vc_column_inner][vc_column_inner width=&#8221;1\/4&#8243;][mk_button dimension=&#8221;flat&#8221; corner_style=&#8221;rounded&#8221; size=&#8221;large&#8221; url=&#8221;#Experiencias&#8221; align=&#8221;center&#8221; fullwidth=&#8221;true&#8221; bg_color=&#8221;#bb9f4a&#8221; btn_hover_bg=&#8221;#252525&#8243;]DESCOBRIR MAIS[\/mk_button][\/vc_column_inner][vc_column_inner width=&#8221;1\/4&#8243;][\/vc_column_inner][\/vc_row_inner][\/vc_column][\/mk_page_section][mk_page_section bg_position=&#8221;center bottom&#8221; bg_stretch=&#8221;true&#8221; padding_top=&#8221;0&#8243; padding_bottom=&#8221;0&#8243; section_id=&#8221;Sustentabilidade&#8221; sidebar=&#8221;sidebar-1&#8243; first_page=&#8221;false&#8221; last_page=&#8221;false&#8221;][vc_column][mk_fancy_title color=&#8221;#393836&#8243; size=&#8221;20&#8243; txt_transform=&#8221;uppercase&#8221; margin_top=&#8221;50&#8243; margin_bottom=&#8221;8&#8243; font_family=&#8221;none&#8221; align=&#8221;center&#8221;]SUSTENTABILIDADE NAS CASAS DO RIO SADO[\/mk_fancy_title][vc_row_inner][vc_column_inner width=&#8221;1\/6&#8243;][\/vc_column_inner][vc_column_inner width=&#8221;2\/3&#8243;][vc_column_text disable_pattern=&#8221;false&#8221; align=&#8221;center&#8221; css=&#8221;.vc_custom_1686939091790{margin-bottom: 0px !important;}&#8221;]Com um forte compromisso com a autenticidade, as Casas do Rio Sado promovem um turismo que respeita a regi\u00e3o e garante uma experi\u00eancia genu\u00edna.<\/p>\n<p>Remodel\u00e1mos as casas rurais existentes na propriedade desde 1955 utilizando t\u00e9cnicas tradicionais de constru\u00e7\u00e3o e m\u00e3o de obra local. Apenas a \u00e1rea da piscina, incluindo o sal\u00e3o de eventos e a rece\u00e7\u00e3o, foi constru\u00edda de raiz.<\/p>\n<p>A decora\u00e7\u00e3o inclui alfaias agr\u00edcolas e pe\u00e7as de artesanato compradas a artes\u00e3os locais contribuindo para divulgar a cultura local.<\/p>\n<p>A \u00e1gua \u00e9 aquecida por pain\u00e9is solares e as Casas do Rio Sado s\u00e3o aut\u00f3nomas em rela\u00e7\u00e3o \u00e0 \u00e1gua pot\u00e1vel e de rega. Al\u00e9m disso, temos pain\u00e9is fotovoltaicos que asseguram cerca de um quarto da energia el\u00e9trica consumida na herdade.<\/p>\n<p>No que se refere \u00e0 ilumina\u00e7\u00e3o, os p\u00e1tios a poente, a zona junto \u00e0 piscina e o estacionamento s\u00e3o iluminados principalmente por l\u00e2mpadas solares e nos espa\u00e7os interiores privilegiamos sistemas LED. Al\u00e9m disso, selecion\u00e1mos l\u00e2mpadas de cor quente e de baixa intensidade para respeitar o ritmo circadiano das pessoas e animais e facilitar a observa\u00e7\u00e3o das estrelas.<\/p>\n<p>Sempre que poss\u00edvel, o nosso pequena almo\u00e7o inclui fruta fresca cultivada na herdade, p\u00e3o alentejano de uma padaria local e produtos biol\u00f3gicos (a pedido).<\/p>\n<p>A maioria dos nossos colaboradores \u00e9 da zona e pedimos aos nossos h\u00f3spedes para usarem os contentores de reciclagem e reutilizarem as toalhas.<\/p>\n<p>Estamos empenhados em preservar a beleza paisag\u00edstica e a biodiversidade da propriedade e temos o orgulho de ser uma \u201creserva de n\u00e3o ca\u00e7a\u201d.<\/p>\n<p>Para reduzir a nossa pegada de carbono temos vindo a proceder a uma refloresta\u00e7\u00e3o com \u00e1rvores aut\u00f3ctones. S\u00e3o j\u00e1 cerca de 7.500 sobreiros plantados, reflorestando aproximadamente 20 hectares da propriedade.[\/vc_column_text][mk_gallery images=&#8221;9788,9666&#8243; column=&#8221;2&#8243; image_size=&#8221;full&#8221; margin_bottom=&#8221;10&#8243; orderby=&#8221;post__in&#8221;][mk_fancy_title color=&#8221;#393836&#8243; size=&#8221;20&#8243; txt_transform=&#8221;uppercase&#8221; margin_top=&#8221;50&#8243; margin_bottom=&#8221;8&#8243; font_family=&#8221;none&#8221; align=&#8221;center&#8221;]CERTIFICA\u00c7\u00c3O[\/mk_fancy_title][vc_column_text disable_pattern=&#8221;false&#8221; align=&#8221;center&#8221; css=&#8221;.vc_custom_1614875280436{margin-bottom: 0px !important;}&#8221;]Desde 2019, as Casas do Rio Sado t\u00eam a Certifica\u00e7\u00e3o Natural.PT.[\/vc_column_text][mk_image src=&#8221;http:\/\/casasdoriosado.com\/pt\/wp-content\/uploads\/2021\/03\/selo_natural_pt.jpg&#8221; image_size=&#8221;full&#8221; align=&#8221;center&#8221;][\/vc_column_inner][vc_column_inner width=&#8221;1\/6&#8243;][\/vc_column_inner][\/vc_row_inner][vc_row_inner][vc_column_inner width=&#8221;1\/6&#8243;][\/vc_column_inner][vc_column_inner width=&#8221;2\/3&#8243;][\/vc_column_inner][vc_column_inner width=&#8221;1\/6&#8243;][\/vc_column_inner][\/vc_row_inner][\/vc_column][\/mk_page_section][mk_page_section bg_position=&#8221;center top&#8221; bg_stretch=&#8221;true&#8221; padding_top=&#8221;50&#8243; padding_bottom=&#8221;100&#8243; sidebar=&#8221;sidebar-1&#8243; first_page=&#8221;false&#8221; last_page=&#8221;false&#8221;][vc_column width=&#8221;1\/4&#8243;][\/vc_column][vc_column width=&#8221;1\/2&#8243;][vc_separator color=&#8221;custom&#8221; accent_color=&#8221;#333333&#8243;][mk_fancy_title color=&#8221;#393836&#8243; size=&#8221;30&#8243; font_weight=&#8221;300&#8243; txt_transform=&#8221;uppercase&#8221; margin_top=&#8221;40&#8243; margin_bottom=&#8221;30&#8243; font_family=&#8221;none&#8221; align=&#8221;center&#8221;]Pre\u00e7os e Reservas[\/mk_fancy_title][vc_row_inner][vc_column_inner width=&#8221;1\/2&#8243;][mk_button dimension=&#8221;flat&#8221; corner_style=&#8221;rounded&#8221; size=&#8221;large&#8221; url=&#8221;?page_id=5882&#8243; align=&#8221;center&#8221; fullwidth=&#8221;true&#8221; bg_color=&#8221;#00a651&#8243; btn_hover_bg=&#8221;#252525&#8243;]RESERVAR[\/mk_button][\/vc_column_inner][vc_column_inner width=&#8221;1\/2&#8243;][mk_button dimension=&#8221;flat&#8221; corner_style=&#8221;rounded&#8221; size=&#8221;large&#8221; url=&#8221;?page_id=5882&#8243; align=&#8221;center&#8221; fullwidth=&#8221;true&#8221; bg_color=&#8221;#bb9f4a&#8221; btn_hover_bg=&#8221;#252525&#8243;]DESCOBRIR MAIS[\/mk_button][\/vc_column_inner][\/vc_row_inner][\/vc_column][vc_column width=&#8221;1\/4&#8243;][\/vc_column][\/mk_page_section]\n","protected":false},"excerpt":{"rendered":"<p>[mk_page_section bg_image=&#8221;http:\/\/casasdoriosado.com\/pt\/wp-content\/uploads\/2015\/01\/casas_do_rio_sado_experiencias_2.jpg&#8221; bg_position=&#8221;center bottom&#8221; bg_stretch=&#8221;true&#8221; video_mask=&#8221;true&#8221; full_height=&#8221;true&#8221; padding_top=&#8221;0&#8243; padding_bottom=&#8221;0&#8243; sidebar=&#8221;sidebar-1&#8243; first_page=&#8221;false&#8221; last_page=&#8221;false&#8221;][vc_column][mk_fancy_title color=&#8221;#ffffff&#8221; size=&#8221;42&#8243; force_font_size=&#8221;true&#8221; font_weight=&#8221;300&#8243; txt_transform=&#8221;uppercase&#8221; margin_bottom=&#8221;18&#8243; font_family=&#8221;none&#8221; align=&#8221;center&#8221;]Sustentabilidade[\/mk_fancy_title][vc_column_text disable_pattern=&#8221;false&#8221; align=&#8221;center&#8221; css=&#8221;.vc_custom_1614801057841{margin-bottom: 0px !important;}&#8221;][\/vc_column_text][mk_padding_divider size=&#8221;30&#8243;][vc_row_inner][vc_column_inner width=&#8221;1\/4&#8243;][\/vc_column_inner][vc_column_inner width=&#8221;1\/4&#8243;][mk_button dimension=&#8221;flat&#8221; corner_style=&#8221;rounded&#8221; size=&#8221;large&#8221; url=&#8221;?page_id=5882&#8243; align=&#8221;center&#8221; fullwidth=&#8221;true&#8221; bg_color=&#8221;#00a651&#8243; btn_hover_bg=&#8221;#252525&#8243;]RESERVAR[\/mk_button][\/vc_column_inner][vc_column_inner width=&#8221;1\/4&#8243;][mk_button dimension=&#8221;flat&#8221; corner_style=&#8221;rounded&#8221; size=&#8221;large&#8221; url=&#8221;#Experiencias&#8221; align=&#8221;center&#8221; fullwidth=&#8221;true&#8221; bg_color=&#8221;#bb9f4a&#8221; btn_hover_bg=&#8221;#252525&#8243;]DESCOBRIR MAIS[\/mk_button][\/vc_column_inner][vc_column_inner width=&#8221;1\/4&#8243;][\/vc_column_inner][\/vc_row_inner][\/vc_column][\/mk_page_section][mk_page_section bg_position=&#8221;center bottom&#8221; bg_stretch=&#8221;true&#8221; padding_top=&#8221;0&#8243; padding_bottom=&#8221;0&#8243; section_id=&#8221;Sustentabilidade&#8221; sidebar=&#8221;sidebar-1&#8243; first_page=&#8221;false&#8221; [&hellip;]<\/p>\n","protected":false},"author":1,"featured_media":0,"parent":0,"menu_order":0,"comment_status":"closed","ping_status":"closed","template":"","meta":{"footnotes":""},"_links":{"self":[{"href":"https:\/\/casasdoriosado.com\/pt\/wp-json\/wp\/v2\/pages\/5874"}],"collection":[{"href":"https:\/\/casasdoriosado.com\/pt\/wp-json\/wp\/v2\/pages"}],"about":[{"href":"https:\/\/casasdoriosado.com\/pt\/wp-json\/wp\/v2\/types\/page"}],"author":[{"embeddable":true,"href":"https:\/\/casasdoriosado.com\/pt\/wp-json\/wp\/v2\/users\/1"}],"replies":[{"embeddable":true,"href":"https:\/\/casasdoriosado.com\/pt\/wp-json\/wp\/v2\/comments?post=5874"}],"version-history":[{"count":263,"href":"https:\/\/casasdoriosado.com\/pt\/wp-json\/wp\/v2\/pages\/5874\/revisions"}],"predecessor-version":[{"id":9868,"href":"https:\/\/casasdoriosado.com\/pt\/wp-json\/wp\/v2\/pages\/5874\/revisions\/9868"}],"wp:attachment":[{"href":"https:\/\/casasdoriosado.com\/pt\/wp-json\/wp\/v2\/media?parent=5874"}],"curies":[{"name":"wp","href":"https:\/\/api.w.org\/{rel}","templated":true}]}}