{"id":5882,"date":"2015-01-27T14:27:49","date_gmt":"2015-01-27T14:27:49","guid":{"rendered":"http:\/\/sadorivercountryretreat.com\/?page_id=5882"},"modified":"2023-08-17T18:40:39","modified_gmt":"2023-08-17T18:40:39","slug":"reservas-e-precos","status":"publish","type":"page","link":"https:\/\/casasdoriosado.com\/pt\/reservas-e-precos\/","title":{"rendered":"Pre\u00e7os e Reservas"},"content":{"rendered":"[mk_page_section bg_image=&#8221;http:\/\/casasdoriosado.com\/pt\/wp-content\/uploads\/2015\/01\/Casas_do_Rio_Piscina_fundo_2.jpg&#8221; bg_position=&#8221;center bottom&#8221; bg_stretch=&#8221;true&#8221; video_mask=&#8221;true&#8221; video_opacity=&#8221;0.8&#8243; full_height=&#8221;true&#8221; padding_top=&#8221;0&#8243; padding_bottom=&#8221;0&#8243; sidebar=&#8221;sidebar-1&#8243; first_page=&#8221;false&#8221; last_page=&#8221;false&#8221;][vc_column][mk_fancy_title color=&#8221;#ffffff&#8221; size=&#8221;42&#8243; font_weight=&#8221;300&#8243; txt_transform=&#8221;uppercase&#8221; margin_bottom=&#8221;18&#8243; font_family=&#8221;none&#8221; align=&#8221;center&#8221;]pre\u00e7os e reservas<br \/>\nde uma experi\u00eancia \u00fanica[\/mk_fancy_title][vc_column_text disable_pattern=&#8221;false&#8221; align=&#8221;center&#8221;]<span style=\"color: #ffffff;\">Se desejar fazer uma reserva, poder\u00e1 faz\u00ea-lo usando o formul\u00e1rio abaixo.<\/span><br \/>\n<span style=\"color: #ffffff;\"> Ap\u00f3s o envio, aguarde o nosso contacto para confirma\u00e7\u00e3o da mesma.<\/span>[\/vc_column_text][mk_padding_divider size=&#8221;30&#8243;][vc_row_inner][vc_column_inner width=&#8221;1\/4&#8243;][\/vc_column_inner][vc_column_inner width=&#8221;1\/4&#8243;][mk_button dimension=&#8221;flat&#8221; corner_style=&#8221;rounded&#8221; size=&#8221;large&#8221; url=&#8221;#form&#8221; align=&#8221;center&#8221; fullwidth=&#8221;true&#8221; bg_color=&#8221;#00a651&#8243; btn_hover_bg=&#8221;#252525&#8243;]RESERVAR[\/mk_button][\/vc_column_inner][vc_column_inner width=&#8221;1\/4&#8243;][mk_button dimension=&#8221;flat&#8221; corner_style=&#8221;rounded&#8221; size=&#8221;large&#8221; url=&#8221;#prices&#8221; align=&#8221;center&#8221; fullwidth=&#8221;true&#8221; bg_color=&#8221;#bb9f4a&#8221; btn_hover_bg=&#8221;#252525&#8243;]VER OS PRE\u00c7OS[\/mk_button][\/vc_column_inner][vc_column_inner width=&#8221;1\/4&#8243;][\/vc_column_inner][\/vc_row_inner][\/vc_column][\/mk_page_section][mk_page_section bg_position=&#8221;center bottom&#8221; bg_stretch=&#8221;true&#8221; padding_top=&#8221;0&#8243; padding_bottom=&#8221;0&#8243; section_id=&#8221;form&#8221; sidebar=&#8221;sidebar-1&#8243; first_page=&#8221;false&#8221; last_page=&#8221;false&#8221;][vc_column][mk_fancy_title color=&#8221;#393836&#8243; size=&#8221;30&#8243; font_weight=&#8221;300&#8243; txt_transform=&#8221;uppercase&#8221; margin_top=&#8221;80&#8243; margin_bottom=&#8221;30&#8243; font_family=&#8221;none&#8221; align=&#8221;center&#8221;]formul\u00e1rio de reserva[\/mk_fancy_title][vc_row_inner][vc_column_inner width=&#8221;1\/4&#8243;][\/vc_column_inner][vc_column_inner width=&#8221;1\/2&#8243;]<div role=\"form\" class=\"wpcf7\" id=\"wpcf7-f6256-o1\" lang=\"en-US\" dir=\"ltr\">\n<div class=\"screen-reader-response\"><p role=\"status\" aria-live=\"polite\" aria-atomic=\"true\"><\/p> <ul><\/ul><\/div>\n<form action=\"\/pt\/wp-json\/wp\/v2\/pages\/5882#wpcf7-f6256-o1\" method=\"post\" class=\"wpcf7-form init\" novalidate=\"novalidate\" data-status=\"init\">\n<div style=\"display: none;\">\n<input type=\"hidden\" name=\"_wpcf7\" value=\"6256\" \/>\n<input type=\"hidden\" name=\"_wpcf7_version\" value=\"5.4.2\" \/>\n<input type=\"hidden\" name=\"_wpcf7_locale\" value=\"en_US\" \/>\n<input type=\"hidden\" name=\"_wpcf7_unit_tag\" value=\"wpcf7-f6256-o1\" \/>\n<input type=\"hidden\" name=\"_wpcf7_container_post\" value=\"0\" \/>\n<input type=\"hidden\" name=\"_wpcf7_posted_data_hash\" value=\"\" \/>\n<\/div>\n<p>Nome (primeiro e \u00faltimo nome)<br \/>\n    <span class=\"wpcf7-form-control-wrap nome\"><input type=\"text\" name=\"nome\" value=\"\" size=\"70\" class=\"wpcf7-form-control wpcf7-text\" aria-invalid=\"false\" \/><\/span> <\/p>\n<p>C\u00f3digo postal<br \/>\n    <span class=\"wpcf7-form-control-wrap codigopostal\"><input type=\"text\" name=\"codigopostal\" value=\"\" size=\"70\" class=\"wpcf7-form-control wpcf7-text\" aria-invalid=\"false\" \/><\/span> <\/p>\n<p>Cidade e Pa\u00eds<br \/>\n    <span class=\"wpcf7-form-control-wrap cidade\"><input type=\"text\" name=\"cidade\" value=\"\" size=\"70\" class=\"wpcf7-form-control wpcf7-text\" aria-invalid=\"false\" \/><\/span> <\/p>\n<p>Telefone<br \/>\n    <span class=\"wpcf7-form-control-wrap telf\"><input type=\"text\" name=\"telf\" value=\"\" size=\"70\" class=\"wpcf7-form-control wpcf7-text\" aria-invalid=\"false\" \/><\/span> <\/p>\n<p>E-mail <br \/>\n    <span class=\"wpcf7-form-control-wrap email\"><input type=\"email\" name=\"email\" value=\"\" size=\"70\" class=\"wpcf7-form-control wpcf7-text wpcf7-email wpcf7-validates-as-email\" aria-invalid=\"false\" \/><\/span><\/p>\n<p>Data de entrada<br \/>\n    <span class=\"wpcf7-form-control-wrap entrada\"><input type=\"text\" name=\"entrada\" value=\"\" size=\"70\" class=\"wpcf7-form-control wpcf7-text\" aria-invalid=\"false\" \/><\/span> <\/p>\n<p>Data de sa\u00edda<br \/>\n    <span class=\"wpcf7-form-control-wrap saida\"><input type=\"text\" name=\"saida\" value=\"\" size=\"70\" class=\"wpcf7-form-control wpcf7-text\" aria-invalid=\"false\" \/><\/span> <\/p>\n<p>N.\u00ba de adultos<br \/>\n    <span class=\"wpcf7-form-control-wrap adultos\"><input type=\"text\" name=\"adultos\" value=\"\" size=\"70\" class=\"wpcf7-form-control wpcf7-text\" aria-invalid=\"false\" \/><\/span> <\/p>\n<p>N.\u00ba de beb\u00e9s (0-2 anos de idade)<br \/>\n    <span class=\"wpcf7-form-control-wrap bebes\"><input type=\"text\" name=\"bebes\" value=\"\" size=\"70\" class=\"wpcf7-form-control wpcf7-text\" aria-invalid=\"false\" \/><\/span> <\/p>\n<p>N.\u00ba de crian\u00e7as (3 ou mais anos idade)<br \/>\n    <span class=\"wpcf7-form-control-wrap criancas\"><input type=\"text\" name=\"criancas\" value=\"\" size=\"70\" class=\"wpcf7-form-control wpcf7-text\" aria-invalid=\"false\" \/><\/span> <\/p>\n<p>Idade dos beb\u00e9s e crian\u00e7as<br \/>\n    <span class=\"wpcf7-form-control-wrap idade\"><input type=\"text\" name=\"idade\" value=\"\" size=\"70\" class=\"wpcf7-form-control wpcf7-text\" aria-invalid=\"false\" \/><\/span> <\/p>\n<p>Quartos duplos<br \/>\n<span class=\"wpcf7-form-control-wrap quartos\"><span class=\"wpcf7-form-control wpcf7-radio\"><span class=\"wpcf7-list-item first\"><input type=\"radio\" name=\"quartos\" value=\"1\" \/><span class=\"wpcf7-list-item-label\">1<\/span><\/span><span class=\"wpcf7-list-item\"><input type=\"radio\" name=\"quartos\" value=\"2\" \/><span class=\"wpcf7-list-item-label\">2<\/span><\/span><span class=\"wpcf7-list-item\"><input type=\"radio\" name=\"quartos\" value=\"3\" \/><span class=\"wpcf7-list-item-label\">3<\/span><\/span><span class=\"wpcf7-list-item\"><input type=\"radio\" name=\"quartos\" value=\"4\" \/><span class=\"wpcf7-list-item-label\">4<\/span><\/span><span class=\"wpcf7-list-item last\"><input type=\"radio\" name=\"quartos\" value=\"5\" \/><span class=\"wpcf7-list-item-label\">5<\/span><\/span><\/span><\/span><\/p>\n<p>Como ficou a conhecer as Casas do Rio Sado?<br \/>\n<span class=\"wpcf7-form-control-wrap comonosconheceu\"><span class=\"wpcf7-form-control wpcf7-radio\"><span class=\"wpcf7-list-item first\"><input type=\"radio\" name=\"comonosconheceu\" value=\"Atrav\u00e9s de amigo\/fam\u00edlia\" \/><span class=\"wpcf7-list-item-label\">Atrav\u00e9s de amigo\/fam\u00edlia<\/span><\/span><span class=\"wpcf7-list-item\"><input type=\"radio\" name=\"comonosconheceu\" value=\"Online\" \/><span class=\"wpcf7-list-item-label\">Online<\/span><\/span><span class=\"wpcf7-list-item\"><input type=\"radio\" name=\"comonosconheceu\" value=\"Plataforma de reservas\" \/><span class=\"wpcf7-list-item-label\">Plataforma de reservas<\/span><\/span><span class=\"wpcf7-list-item\"><input type=\"radio\" name=\"comonosconheceu\" value=\"Ag\u00eancia de Viagens\" \/><span class=\"wpcf7-list-item-label\">Ag\u00eancia de Viagens<\/span><\/span><span class=\"wpcf7-list-item last\"><input type=\"radio\" name=\"comonosconheceu\" value=\"Outro\" \/><span class=\"wpcf7-list-item-label\">Outro<\/span><\/span><\/span><\/span><\/p>\n<p><br><\/p>\n<p><input type=\"submit\" value=\"Enviar\" class=\"wpcf7-form-control wpcf7-submit\" \/><\/p>\n<div class=\"wpcf7-response-output\" aria-hidden=\"true\"><\/div><\/form><\/div>[\/vc_column_inner][vc_column_inner width=&#8221;1\/4&#8243;][\/vc_column_inner][\/vc_row_inner][\/vc_column][\/mk_page_section][mk_page_section bg_position=&#8221;center top&#8221; bg_stretch=&#8221;true&#8221; full_width=&#8221;true&#8221; padding_bottom=&#8221;110&#8243; section_id=&#8221;prices&#8221; sidebar=&#8221;sidebar-1&#8243; first_page=&#8221;false&#8221; last_page=&#8221;false&#8221;][vc_column][mk_fancy_title color=&#8221;#393836&#8243; size=&#8221;30&#8243; font_weight=&#8221;300&#8243; txt_transform=&#8221;uppercase&#8221; margin_top=&#8221;80&#8243; margin_bottom=&#8221;30&#8243; font_family=&#8221;none&#8221; align=&#8221;center&#8221;]qual \u00e9 o pre\u00e7o de uma experi\u00eancia \u00fanica?[\/mk_fancy_title][vc_custom_heading text=&#8221;Servi\u00e7o e Taxas inclu\u00eddas. Pre\u00e7os sujeitos a altera\u00e7\u00e3o<\/p>\n<p>&#8221; font_container=&#8221;tag:h2|font_size:11|text_align:center|color:%23666666&#8243; google_fonts=&#8221;font_family:Lato%3A100%2C100italic%2C300%2C300italic%2Cregular%2Citalic%2C700%2C700italic%2C900%2C900italic|font_style:400%20regular%3A400%3Anormal&#8221;][vc_row_inner][vc_column_inner width=&#8221;1\/4&#8243;][\/vc_column_inner][vc_column_inner width=&#8221;1\/2&#8243;][vc_column_text disable_pattern=&#8221;false&#8221; align=&#8221;center&#8221; css=&#8221;.vc_custom_1692297609528{margin-bottom: 0px !important;}&#8221;]\n<p style=\"margin-bottom: 0cm;\"><strong>Tarifa para 1 ou 2 pessoas por suite<\/strong><strong> \u2013 200 euros<\/strong><\/p>\n<p>&nbsp;<\/p>\n<p style=\"margin-bottom: 0cm;\"><strong>Cama extra (para 1 pessoa com 3 ou mais anos)<\/strong>\u00a0&#8211; <strong>40 euros<\/strong><\/p>\n<p>&nbsp;<\/p>\n<p style=\"margin-bottom: 0cm;\"><strong>Ber\u00e7o\u00a0(0-2 anos)<\/strong> \u2013\u00a0<strong>10 euros<\/strong><\/p>\n<p>&nbsp;<\/p>\n<p><strong>Descontos para estadias prolongadas e para h\u00f3spedes que reservem com mais de 30 dias de anteced\u00eancia em rela\u00e7\u00e3o \u00e0 data de chegada<\/strong><\/p>\n<p>SERVI\u00c7O E TAXAS INCLU\u00cdDAS. PRE\u00c7OS SUJEITOS A ALTERA\u00c7\u00c3O<\/p>\n<p><strong>Estas tarifas s\u00e3o por noite<\/strong><\/p>\n[\/vc_column_text][mk_button dimension=&#8221;flat&#8221; corner_style=&#8221;rounded&#8221; size=&#8221;large&#8221; url=&#8221;#form&#8221; align=&#8221;center&#8221; fullwidth=&#8221;true&#8221; margin_top=&#8221;15&#8243; bg_color=&#8221;#00a651&#8243; btn_hover_bg=&#8221;#252525&#8243;]RESERVAR QUARTO[\/mk_button][\/vc_column_inner][vc_column_inner width=&#8221;1\/4&#8243;][\/vc_column_inner][\/vc_row_inner][mk_padding_divider size=&#8221;20&#8243;][\/vc_column][\/mk_page_section]\n","protected":false},"excerpt":{"rendered":"<p>[mk_page_section bg_image=&#8221;http:\/\/casasdoriosado.com\/pt\/wp-content\/uploads\/2015\/01\/Casas_do_Rio_Piscina_fundo_2.jpg&#8221; bg_position=&#8221;center bottom&#8221; bg_stretch=&#8221;true&#8221; video_mask=&#8221;true&#8221; video_opacity=&#8221;0.8&#8243; full_height=&#8221;true&#8221; padding_top=&#8221;0&#8243; padding_bottom=&#8221;0&#8243; sidebar=&#8221;sidebar-1&#8243; first_page=&#8221;false&#8221; last_page=&#8221;false&#8221;][vc_column][mk_fancy_title color=&#8221;#ffffff&#8221; size=&#8221;42&#8243; font_weight=&#8221;300&#8243; txt_transform=&#8221;uppercase&#8221; margin_bottom=&#8221;18&#8243; font_family=&#8221;none&#8221; align=&#8221;center&#8221;]pre\u00e7os e reservas de uma experi\u00eancia \u00fanica[\/mk_fancy_title][vc_column_text disable_pattern=&#8221;false&#8221; align=&#8221;center&#8221;]Se desejar fazer uma reserva, poder\u00e1 faz\u00ea-lo usando o formul\u00e1rio abaixo. Ap\u00f3s o envio, aguarde o nosso contacto para confirma\u00e7\u00e3o da mesma.[\/vc_column_text][mk_padding_divider size=&#8221;30&#8243;][vc_row_inner][vc_column_inner width=&#8221;1\/4&#8243;][\/vc_column_inner][vc_column_inner width=&#8221;1\/4&#8243;][mk_button dimension=&#8221;flat&#8221; corner_style=&#8221;rounded&#8221; size=&#8221;large&#8221; [&hellip;]<\/p>\n","protected":false},"author":1,"featured_media":0,"parent":0,"menu_order":0,"comment_status":"closed","ping_status":"closed","template":"","meta":{"footnotes":""},"_links":{"self":[{"href":"https:\/\/casasdoriosado.com\/pt\/wp-json\/wp\/v2\/pages\/5882"}],"collection":[{"href":"https:\/\/casasdoriosado.com\/pt\/wp-json\/wp\/v2\/pages"}],"about":[{"href":"https:\/\/casasdoriosado.com\/pt\/wp-json\/wp\/v2\/types\/page"}],"author":[{"embeddable":true,"href":"https:\/\/casasdoriosado.com\/pt\/wp-json\/wp\/v2\/users\/1"}],"replies":[{"embeddable":true,"href":"https:\/\/casasdoriosado.com\/pt\/wp-json\/wp\/v2\/comments?post=5882"}],"version-history":[{"count":268,"href":"https:\/\/casasdoriosado.com\/pt\/wp-json\/wp\/v2\/pages\/5882\/revisions"}],"predecessor-version":[{"id":9870,"href":"https:\/\/casasdoriosado.com\/pt\/wp-json\/wp\/v2\/pages\/5882\/revisions\/9870"}],"wp:attachment":[{"href":"https:\/\/casasdoriosado.com\/pt\/wp-json\/wp\/v2\/media?parent=5882"}],"curies":[{"name":"wp","href":"https:\/\/api.w.org\/{rel}","templated":true}]}}