{"id":5897,"date":"2015-01-27T14:43:17","date_gmt":"2015-01-27T14:43:17","guid":{"rendered":"http:\/\/sadorivercountryretreat.com\/?page_id=5897"},"modified":"2021-06-12T11:50:44","modified_gmt":"2021-06-12T11:50:44","slug":"herdade","status":"publish","type":"page","link":"https:\/\/casasdoriosado.com\/pt\/herdade\/","title":{"rendered":"Herdade"},"content":{"rendered":"[mk_page_section bg_image=&#8221;http:\/\/casasdoriosado.com\/pt\/wp-content\/uploads\/2015\/01\/b25.jpg&#8221; bg_position=&#8221;center bottom&#8221; bg_stretch=&#8221;true&#8221; video_mask=&#8221;true&#8221; video_opacity=&#8221;0.8&#8243; full_height=&#8221;true&#8221; padding_top=&#8221;0&#8243; padding_bottom=&#8221;0&#8243; sidebar=&#8221;sidebar-1&#8243; first_page=&#8221;false&#8221; last_page=&#8221;false&#8221;][vc_column][mk_fancy_title color=&#8221;#ffffff&#8221; size=&#8221;42&#8243; force_font_size=&#8221;true&#8221; font_weight=&#8221;300&#8243; txt_transform=&#8221;uppercase&#8221; margin_bottom=&#8221;18&#8243; font_family=&#8221;none&#8221; align=&#8221;center&#8221;]convidamos a \u201cdesacelerar\u201d<br \/>\ne voltar \u00e0s origens&#8230;[\/mk_fancy_title][vc_column_text align=&#8221;center&#8221;]<span style=\"color: #ffffff;\">deixando a vista alongar-se pelos extensos campos de arrozais.<\/span>[\/vc_column_text][mk_padding_divider size=&#8221;30&#8243;][vc_row_inner][vc_column_inner width=&#8221;1\/4&#8243;][\/vc_column_inner][vc_column_inner width=&#8221;1\/4&#8243;][mk_button dimension=&#8221;flat&#8221; corner_style=&#8221;rounded&#8221; size=&#8221;large&#8221; url=&#8221;?page_id=5882&#8243; align=&#8221;center&#8221; fullwidth=&#8221;true&#8221; bg_color=&#8221;#00a651&#8243; btn_hover_bg=&#8221;#252525&#8243;]RESERVAR[\/mk_button][\/vc_column_inner][vc_column_inner width=&#8221;1\/4&#8243;][mk_button dimension=&#8221;flat&#8221; corner_style=&#8221;rounded&#8221; size=&#8221;large&#8221; url=&#8221;#Apresenta\u00e7\u00e3o&#8221; align=&#8221;center&#8221; fullwidth=&#8221;true&#8221; bg_color=&#8221;#bb9f4a&#8221; btn_hover_bg=&#8221;#252525&#8243;]DESCOBRIR MAIS[\/mk_button][\/vc_column_inner][vc_column_inner width=&#8221;1\/4&#8243;][\/vc_column_inner][\/vc_row_inner][\/vc_column][\/mk_page_section][mk_page_section bg_position=&#8221;center bottom&#8221; bg_stretch=&#8221;true&#8221; padding_top=&#8221;0&#8243; padding_bottom=&#8221;0&#8243; section_id=&#8221;Apresenta\u00e7\u00e3o&#8221; sidebar=&#8221;sidebar-1&#8243; first_page=&#8221;false&#8221; last_page=&#8221;false&#8221;][vc_column][vc_row_inner][vc_column_inner width=&#8221;1\/6&#8243;][\/vc_column_inner][vc_column_inner width=&#8221;2\/3&#8243;][mk_fancy_title size=&#8221;30&#8243; font_weight=&#8221;300&#8243; txt_transform=&#8221;uppercase&#8221; margin_top=&#8221;50&#8243; margin_bottom=&#8221;10&#8243; font_family=&#8221;none&#8221; align=&#8221;center&#8221;]CAMINHADAS E ORIENTA\u00c7\u00c3O[\/mk_fancy_title][vc_column_text disable_pattern=&#8221;false&#8221; align=&#8221;center&#8221; css=&#8221;.vc_custom_1614797508613{margin-bottom: 0px !important;}&#8221;]Caminhe ao seu pr\u00f3prio ritmo num dos trilhos de orienta\u00e7\u00e3o e descubra a beleza das nossas paisagens. Tanto o \u201cPercurso do Rio e Arrozal\u201d com 5 km, como o \u201cPercurso do Montado\u201d com 12 km passam pelos pontos de refer\u00eancia da herdade, incluindo a \u201cSobreira da Longa Vida\u201d, uma \u00e1rvore com v\u00e1rias centenas de anos e lenda associada[\/vc_column_text][mk_image src=&#8221;http:\/\/casasdoriosado.com\/pt\/wp-content\/uploads\/2019\/12\/view_800x600.jpg&#8221; image_height=&#8221;600&#8243; align=&#8221;center&#8221;][\/vc_column_inner][vc_column_inner width=&#8221;1\/6&#8243;][\/vc_column_inner][\/vc_row_inner][vc_row_inner][vc_column_inner width=&#8221;1\/6&#8243;][\/vc_column_inner][vc_column_inner width=&#8221;2\/3&#8243;][mk_fancy_title size=&#8221;30&#8243; font_weight=&#8221;300&#8243; txt_transform=&#8221;uppercase&#8221; margin_top=&#8221;50&#8243; margin_bottom=&#8221;10&#8243; font_family=&#8221;none&#8221; align=&#8221;center&#8221;]PASSEIOS DE BICICLETA[\/mk_fancy_title][vc_column_text disable_pattern=&#8221;false&#8221; align=&#8221;center&#8221; css=&#8221;.vc_custom_1614797452745{margin-bottom: 0px !important;}&#8221;]Explore os 270 hectares da herdade de bicicleta e desfrute das vistas, sons e aromas do campo. Fornecemos bicicletas gratuitamente aos h\u00f3spedes que desejem descobrir a floresta de montado, a tranquilidade do rio, a ampla vista do miradouro e as numerosas aves aqu\u00e1ticas que povoam os arrozais (mediante disponibilidade).[\/vc_column_text][mk_image src=&#8221;http:\/\/casasdoriosado.com\/pt\/wp-content\/uploads\/2019\/12\/bikes_800x600.jpg&#8221; image_height=&#8221;600&#8243; align=&#8221;center&#8221;][\/vc_column_inner][vc_column_inner width=&#8221;1\/6&#8243;][\/vc_column_inner][\/vc_row_inner][vc_row_inner][vc_column_inner width=&#8221;1\/6&#8243;][\/vc_column_inner][vc_column_inner width=&#8221;2\/3&#8243;][mk_fancy_title size=&#8221;30&#8243; font_weight=&#8221;300&#8243; txt_transform=&#8221;uppercase&#8221; margin_top=&#8221;50&#8243; margin_bottom=&#8221;10&#8243; font_family=&#8221;none&#8221; align=&#8221;center&#8221;]fauna[\/mk_fancy_title][vc_column_text disable_pattern=&#8221;false&#8221; align=&#8221;center&#8221; css=&#8221;.vc_custom_1614796579757{margin-bottom: 0px !important;}&#8221;]Rio, arrozais e montado asseguram diversidade de ecossistemas e abund\u00e2ncia de fauna selvagem. Aqui, as cegonhas, gar\u00e7as, flamingos, mergulh\u00f5es, patos e outras aves aqu\u00e1ticas povoam o rio e arrozais, em coexist\u00eancia pac\u00edfica com as lebres, coelhos e perdizes do montado.[\/vc_column_text][mk_image src=&#8221;http:\/\/casasdoriosado.com\/pt\/wp-content\/uploads\/2019\/12\/stork_800x600-1.jpg&#8221; image_height=&#8221;600&#8243; align=&#8221;center&#8221;][\/vc_column_inner][vc_column_inner width=&#8221;1\/6&#8243;][\/vc_column_inner][\/vc_row_inner][vc_row_inner][vc_column_inner width=&#8221;1\/6&#8243;][\/vc_column_inner][vc_column_inner width=&#8221;2\/3&#8243;][mk_fancy_title size=&#8221;30&#8243; font_weight=&#8221;300&#8243; txt_transform=&#8221;uppercase&#8221; margin_top=&#8221;50&#8243; margin_bottom=&#8221;10&#8243; font_family=&#8221;none&#8221; align=&#8221;center&#8221;]OBSERVA\u00c7\u00c3O DE ESTRELAS[\/mk_fancy_title][vc_column_text disable_pattern=&#8221;false&#8221; align=&#8221;center&#8221; css=&#8221;.vc_custom_1614797592826{margin-bottom: 0px !important;}&#8221;]Contemple o c\u00e9u estrelado no Dark Sky das Casas do Rio Sado onde uma m\u00e9dia de 300 dias de sol por ano associados a n\u00edveis de polui\u00e7\u00e3o luminosa invulgarmente baixos permitem observar a olho nu uma grande variedade de constela\u00e7\u00f5es. Para grupos com 12 ou mais pessoas, podemos organizar uma apresenta\u00e7\u00e3o guiada por um astr\u00f3nomo.[\/vc_column_text][mk_image src=&#8221;http:\/\/casasdoriosado.com\/pt\/wp-content\/uploads\/2019\/12\/viewpoint_sunset_800x600-1.jpg&#8221; image_height=&#8221;600&#8243; align=&#8221;center&#8221;][\/vc_column_inner][vc_column_inner width=&#8221;1\/6&#8243;][\/vc_column_inner][\/vc_row_inner][vc_row_inner][vc_column_inner width=&#8221;1\/6&#8243;][\/vc_column_inner][vc_column_inner width=&#8221;2\/3&#8243;][mk_fancy_title size=&#8221;30&#8243; font_weight=&#8221;300&#8243; txt_transform=&#8221;uppercase&#8221; margin_top=&#8221;50&#8243; margin_bottom=&#8221;10&#8243; font_family=&#8221;none&#8221; align=&#8221;center&#8221;]CULTURA DO ARROZ[\/mk_fancy_title][vc_column_text disable_pattern=&#8221;false&#8221; align=&#8221;center&#8221; css=&#8221;.vc_custom_1614796726810{margin-bottom: 0px !important;}&#8221;]Observe os trabalhos relacionados com a cultura do arroz no per\u00edodo da sementeira (Maio a Junho) e da ceifa (Agosto e Setembro) e aproveite tamb\u00e9m para contemplar a varia\u00e7\u00e3o sazonal da paisagem ao longo do ano: os tons de terra dos campos em repouso no Outono; os extensos espelhos de \u00e1gua dos campos alagados no Inverno e Primavera e o verde ondulante das espigas que oscilam ao ritmo do vento no Ver\u00e3o.[\/vc_column_text][mk_image src=&#8221;http:\/\/casasdoriosado.com\/pt\/wp-content\/uploads\/2015\/01\/casas_do_rio_sado_envolvente_7.jpg&#8221; image_height=&#8221;600&#8243; align=&#8221;center&#8221;][\/vc_column_inner][vc_column_inner width=&#8221;1\/6&#8243;][\/vc_column_inner][\/vc_row_inner][vc_row_inner][vc_column_inner width=&#8221;1\/6&#8243;][\/vc_column_inner][vc_column_inner width=&#8221;2\/3&#8243;][mk_fancy_title size=&#8221;30&#8243; font_weight=&#8221;300&#8243; txt_transform=&#8221;uppercase&#8221; margin_top=&#8221;50&#8243; margin_bottom=&#8221;10&#8243; font_family=&#8221;none&#8221; align=&#8221;center&#8221;]DESCORTI\u00c7AMENTO[\/mk_fancy_title][vc_column_text disable_pattern=&#8221;false&#8221; align=&#8221;center&#8221; css=&#8221;.vc_custom_1614796869370{margin-bottom: 0px !important;}&#8221;]Cerca de 9 anos ap\u00f3s a \u00faltima tiragem, nos meses de Julho e Agosto, quando as temperaturas atingem os 40\u00baC e o tempo seco permite que o sobreiro fique exposto sem se danificar, \u00e9 feito um novo descorti\u00e7amento. \u00c9 impressionante ver a per\u00edcia dos tiradores a manejar o machado de forma a cortar grandes pranchas de corti\u00e7a sem atingir a \u00e1rvore.[\/vc_column_text][mk_image src=&#8221;http:\/\/casasdoriosado.com\/pt\/wp-content\/uploads\/2019\/12\/cork_800x600.jpg&#8221; image_height=&#8221;600&#8243; align=&#8221;center&#8221;][\/vc_column_inner][vc_column_inner width=&#8221;1\/6&#8243;][\/vc_column_inner][\/vc_row_inner][\/vc_column][\/mk_page_section][mk_page_section bg_position=&#8221;center top&#8221; padding_top=&#8221;50&#8243; padding_bottom=&#8221;100&#8243; sidebar=&#8221;sidebar-1&#8243; first_page=&#8221;false&#8221; last_page=&#8221;false&#8221;][vc_column width=&#8221;1\/4&#8243;][\/vc_column][vc_column width=&#8221;1\/2&#8243;][vc_separator color=&#8221;custom&#8221; accent_color=&#8221;#333333&#8243;][mk_fancy_title color=&#8221;#393836&#8243; size=&#8221;30&#8243; font_weight=&#8221;300&#8243; txt_transform=&#8221;uppercase&#8221; margin_top=&#8221;40&#8243; margin_bottom=&#8221;30&#8243; font_family=&#8221;none&#8221; align=&#8221;center&#8221;]Pre\u00e7os e Reservas[\/mk_fancy_title][vc_row_inner][vc_column_inner width=&#8221;1\/2&#8243;][mk_button dimension=&#8221;flat&#8221; corner_style=&#8221;rounded&#8221; size=&#8221;large&#8221; url=&#8221;?page_id=5882&#8243; align=&#8221;center&#8221; fullwidth=&#8221;true&#8221; bg_color=&#8221;#00a651&#8243; btn_hover_bg=&#8221;#252525&#8243;]RESERVAR[\/mk_button][\/vc_column_inner][vc_column_inner width=&#8221;1\/2&#8243;][mk_button dimension=&#8221;flat&#8221; corner_style=&#8221;rounded&#8221; size=&#8221;large&#8221; url=&#8221;?page_id=5878&#8243; align=&#8221;center&#8221; fullwidth=&#8221;true&#8221; bg_color=&#8221;#bb9f4a&#8221; btn_hover_bg=&#8221;#252525&#8243;]DESCOBRIR MAIS[\/mk_button][\/vc_column_inner][\/vc_row_inner][\/vc_column][vc_column width=&#8221;1\/4&#8243;][\/vc_column][\/mk_page_section]\n","protected":false},"excerpt":{"rendered":"<p>[mk_page_section bg_image=&#8221;http:\/\/casasdoriosado.com\/pt\/wp-content\/uploads\/2015\/01\/b25.jpg&#8221; bg_position=&#8221;center bottom&#8221; bg_stretch=&#8221;true&#8221; video_mask=&#8221;true&#8221; video_opacity=&#8221;0.8&#8243; full_height=&#8221;true&#8221; padding_top=&#8221;0&#8243; padding_bottom=&#8221;0&#8243; sidebar=&#8221;sidebar-1&#8243; first_page=&#8221;false&#8221; last_page=&#8221;false&#8221;][vc_column][mk_fancy_title color=&#8221;#ffffff&#8221; size=&#8221;42&#8243; force_font_size=&#8221;true&#8221; font_weight=&#8221;300&#8243; txt_transform=&#8221;uppercase&#8221; margin_bottom=&#8221;18&#8243; font_family=&#8221;none&#8221; align=&#8221;center&#8221;]convidamos a \u201cdesacelerar\u201d e voltar \u00e0s origens&#8230;[\/mk_fancy_title][vc_column_text align=&#8221;center&#8221;]deixando a vista alongar-se pelos extensos campos de arrozais.[\/vc_column_text][mk_padding_divider size=&#8221;30&#8243;][vc_row_inner][vc_column_inner width=&#8221;1\/4&#8243;][\/vc_column_inner][vc_column_inner width=&#8221;1\/4&#8243;][mk_button dimension=&#8221;flat&#8221; corner_style=&#8221;rounded&#8221; size=&#8221;large&#8221; url=&#8221;?page_id=5882&#8243; align=&#8221;center&#8221; fullwidth=&#8221;true&#8221; bg_color=&#8221;#00a651&#8243; btn_hover_bg=&#8221;#252525&#8243;]RESERVAR[\/mk_button][\/vc_column_inner][vc_column_inner width=&#8221;1\/4&#8243;][mk_button dimension=&#8221;flat&#8221; corner_style=&#8221;rounded&#8221; size=&#8221;large&#8221; url=&#8221;#Apresenta\u00e7\u00e3o&#8221; align=&#8221;center&#8221; fullwidth=&#8221;true&#8221; bg_color=&#8221;#bb9f4a&#8221; [&hellip;]<\/p>\n","protected":false},"author":1,"featured_media":0,"parent":0,"menu_order":0,"comment_status":"closed","ping_status":"closed","template":"","meta":{"footnotes":""},"_links":{"self":[{"href":"https:\/\/casasdoriosado.com\/pt\/wp-json\/wp\/v2\/pages\/5897"}],"collection":[{"href":"https:\/\/casasdoriosado.com\/pt\/wp-json\/wp\/v2\/pages"}],"about":[{"href":"https:\/\/casasdoriosado.com\/pt\/wp-json\/wp\/v2\/types\/page"}],"author":[{"embeddable":true,"href":"https:\/\/casasdoriosado.com\/pt\/wp-json\/wp\/v2\/users\/1"}],"replies":[{"embeddable":true,"href":"https:\/\/casasdoriosado.com\/pt\/wp-json\/wp\/v2\/comments?post=5897"}],"version-history":[{"count":268,"href":"https:\/\/casasdoriosado.com\/pt\/wp-json\/wp\/v2\/pages\/5897\/revisions"}],"predecessor-version":[{"id":9816,"href":"https:\/\/casasdoriosado.com\/pt\/wp-json\/wp\/v2\/pages\/5897\/revisions\/9816"}],"wp:attachment":[{"href":"https:\/\/casasdoriosado.com\/pt\/wp-json\/wp\/v2\/media?parent=5897"}],"curies":[{"name":"wp","href":"https:\/\/api.w.org\/{rel}","templated":true}]}}