{"id":6096,"date":"2015-01-29T15:50:55","date_gmt":"2015-01-29T15:50:55","guid":{"rendered":"http:\/\/sadorivercountryretreat.com\/?page_id=6096"},"modified":"2021-07-14T14:54:08","modified_gmt":"2021-07-14T14:54:08","slug":"home-2","status":"publish","type":"page","link":"https:\/\/casasdoriosado.com\/pt\/","title":{"rendered":"Home"},"content":{"rendered":"[mk_page_section bg_image=&#8221;http:\/\/sadorivercountryretreat.com\/wp-content\/uploads\/2015\/01\/Casas_do_Rio_Piscina_fundo_2.jpg&#8221; bg_position=&#8221;center bottom&#8221; bg_stretch=&#8221;true&#8221; video_mask=&#8221;true&#8221; video_opacity=&#8221;0.8&#8243; full_height=&#8221;true&#8221; padding_top=&#8221;0&#8243; padding_bottom=&#8221;0&#8243; sidebar=&#8221;sidebar-1&#8243; first_page=&#8221;false&#8221; last_page=&#8221;false&#8221;][vc_column][mk_fancy_title color=&#8221;#ffffff&#8221; size=&#8221;42&#8243; font_weight=&#8221;300&#8243; font_style=&#8221;inhert&#8221; txt_transform=&#8221;uppercase&#8221; margin_bottom=&#8221;18&#8243; font_family=&#8221;none&#8221; align=&#8221;center&#8221;]Acordar com o \u201csil\u00eancio\u201d da natureza\u00a0e pregui\u00e7ar no seu terra\u00e7o&#8230;[\/mk_fancy_title][vc_column_text disable_pattern=&#8221;false&#8221; align=&#8221;center&#8221; css=&#8221;.vc_custom_1614796021198{margin-bottom: 0px !important;}&#8221;]<span style=\"color: #ffffff;\">A uma hora de Lisboa, junto \u00e0 aldeia de Sta. Margarida do Sado, as nossas quinze suites convidam a viver ao ritmo natureza e dos prazeres e quotidianos alentejanos.<\/span>[\/vc_column_text][mk_padding_divider][vc_row_inner][vc_column_inner width=&#8221;1\/4&#8243;][\/vc_column_inner][vc_column_inner width=&#8221;1\/4&#8243;][mk_button dimension=&#8221;flat&#8221; corner_style=&#8221;rounded&#8221; size=&#8221;large&#8221; url=&#8221;?page_id=5882&#8243; align=&#8221;center&#8221; fullwidth=&#8221;true&#8221; bg_color=&#8221;#00a651&#8243; btn_hover_bg=&#8221;#252525&#8243;]RESERVAR[\/mk_button][\/vc_column_inner][vc_column_inner width=&#8221;1\/4&#8243;][mk_button dimension=&#8221;flat&#8221; corner_style=&#8221;rounded&#8221; size=&#8221;large&#8221; url=&#8221;#Experiences&#8221; align=&#8221;center&#8221; fullwidth=&#8221;true&#8221; bg_color=&#8221;#bb9f4a&#8221; btn_hover_bg=&#8221;#252525&#8243;]DESCOBRIR MAIS[\/mk_button][\/vc_column_inner][vc_column_inner width=&#8221;1\/4&#8243;][\/vc_column_inner][\/vc_row_inner][\/vc_column][\/mk_page_section][mk_page_section bg_position=&#8221;center center&#8221; bg_stretch=&#8221;true&#8221; padding_top=&#8221;0&#8243; padding_bottom=&#8221;0&#8243; section_id=&#8221;Experiences&#8221; sidebar=&#8221;sidebar-1&#8243; first_page=&#8221;false&#8221; last_page=&#8221;false&#8221;][vc_column][mk_fancy_title color=&#8221;#393836&#8243; size=&#8221;30&#8243; font_weight=&#8221;300&#8243; txt_transform=&#8221;uppercase&#8221; margin_top=&#8221;10&#8243; margin_bottom=&#8221;10&#8243; font_family=&#8221;none&#8221; align=&#8221;center&#8221;][\/mk_fancy_title][vc_row_inner][vc_column_inner width=&#8221;1\/6&#8243;][\/vc_column_inner][vc_column_inner width=&#8221;2\/3&#8243;][vc_column_text disable_pattern=&#8221;false&#8221; align=&#8221;center&#8221; css=&#8221;.vc_custom_1623517122717{margin-bottom: 0px !important;}&#8221;]Junto \u00e0 margem do Rio Sado, numa herdade de 270 hectares, rodeadas por extensos arrozais e floresta de montado e pinheiro manso encontram-se as Casas do Rio Sado \u2013 um local deslumbrante, de grande tranquilidade, ainda por descobrir.[\/vc_column_text][mk_image src=&#8221;http:\/\/casasdoriosado.com\/pt\/wp-content\/uploads\/2019\/12\/pools_view-800&#215;600-1.jpg&#8221; image_height=&#8221;600&#8243; align=&#8221;center&#8221;][vc_column_text disable_pattern=&#8221;false&#8221; align=&#8221;center&#8221; css=&#8221;.vc_custom_1623517114266{margin-bottom: 0px !important;}&#8221;]Neste Turismo Rural os h\u00f3spedes s\u00e3o convidados a \u201cdesacelerar\u201d, voltar \u00e0s origens e contactar com a natureza: a \u00e1gua do rio e arrozais, a terra do montado e da tradi\u00e7\u00e3o agr\u00edcola e um ar l\u00edmpido repleto de aromas da natureza.[\/vc_column_text][mk_image src=&#8221;http:\/\/casasdoriosado.com\/pt\/wp-content\/uploads\/2019\/12\/reception_800x600.jpg&#8221; image_height=&#8221;600&#8243; align=&#8221;center&#8221;][mk_image src=&#8221;http:\/\/casasdoriosado.com\/pt\/wp-content\/uploads\/2019\/12\/reception_view_800x600-2.jpg&#8221; image_height=&#8221;600&#8243; align=&#8221;center&#8221;][\/vc_column_inner][vc_column_inner width=&#8221;1\/6&#8243;][\/vc_column_inner][\/vc_row_inner][vc_row_inner][vc_column_inner width=&#8221;1\/6&#8243;][\/vc_column_inner][vc_column_inner width=&#8221;2\/3&#8243;][vc_column_text disable_pattern=&#8221;false&#8221; align=&#8221;center&#8221; css=&#8221;.vc_custom_1623506893141{margin-bottom: 0px !important;}&#8221;]Imersas na natureza e rodeadas de vida selvagem, as nossas 15 suites est\u00e3o decoradas com tons luminosos e t\u00eam vista para os arrozais e suas varia\u00e7\u00f5es sazonais: espelhos de \u00e1gua na Primavera, verdes ondulantes no Ver\u00e3o e castanhos repousantes no Outono e Inverno.[\/vc_column_text][mk_image src=&#8221;http:\/\/casasdoriosado.com\/pt\/wp-content\/uploads\/2019\/12\/blue_suite_800x600.jpg&#8221; image_height=&#8221;600&#8243; align=&#8221;center&#8221;][mk_image src=&#8221;http:\/\/casasdoriosado.com\/pt\/wp-content\/uploads\/2019\/12\/living_room_800x600-1.jpg&#8221; image_height=&#8221;600&#8243; align=&#8221;center&#8221;][\/vc_column_inner][vc_column_inner width=&#8221;1\/6&#8243;][\/vc_column_inner][\/vc_row_inner][vc_row_inner][vc_column_inner width=&#8221;1\/6&#8243;][\/vc_column_inner][vc_column_inner width=&#8221;2\/3&#8243;][mk_fancy_title color=&#8221;#393836&#8243; size=&#8221;30&#8243; font_weight=&#8221;300&#8243; txt_transform=&#8221;uppercase&#8221; margin_top=&#8221;10&#8243; margin_bottom=&#8221;10&#8243; font_family=&#8221;none&#8221; align=&#8221;center&#8221;][\/mk_fancy_title][vc_column_text disable_pattern=&#8221;false&#8221; align=&#8221;center&#8221; css=&#8221;.vc_custom_1626274444202{margin-bottom: 20px !important;}&#8221;]<strong>AS CASAS DO RIO SADO ESPERAM RETOMAR A SUA ATIVIDADE A PARTIR DE AGOSTO DE 2021<\/strong>[\/vc_column_text][\/vc_column_inner][vc_column_inner width=&#8221;1\/6&#8243;][\/vc_column_inner][\/vc_row_inner][\/vc_column][\/mk_page_section][mk_page_section bg_position=&#8221;center top&#8221; padding_top=&#8221;50&#8243; padding_bottom=&#8221;100&#8243; sidebar=&#8221;sidebar-1&#8243; first_page=&#8221;false&#8221; last_page=&#8221;false&#8221;][vc_column width=&#8221;1\/4&#8243;][\/vc_column][vc_column width=&#8221;1\/2&#8243;][mk_fancy_title color=&#8221;#393836&#8243; size=&#8221;30&#8243; font_weight=&#8221;300&#8243; txt_transform=&#8221;uppercase&#8221; margin_top=&#8221;10&#8243; margin_bottom=&#8221;10&#8243; font_family=&#8221;none&#8221; align=&#8221;center&#8221;]Pre\u00e7os e\u00a0Reservas[\/mk_fancy_title][vc_row_inner][vc_column_inner width=&#8221;1\/2&#8243;][mk_button dimension=&#8221;flat&#8221; corner_style=&#8221;rounded&#8221; size=&#8221;large&#8221; url=&#8221;?page_id=5882&#8243; align=&#8221;center&#8221; fullwidth=&#8221;true&#8221; bg_color=&#8221;#00a651&#8243; btn_hover_bg=&#8221;#252525&#8243;]RESERVAR[\/mk_button][\/vc_column_inner][vc_column_inner width=&#8221;1\/2&#8243;][mk_button dimension=&#8221;flat&#8221; corner_style=&#8221;rounded&#8221; size=&#8221;large&#8221; url=&#8221;?page_id=5882#prices&#8221; align=&#8221;center&#8221; fullwidth=&#8221;true&#8221; bg_color=&#8221;#bb9f4a&#8221; btn_hover_bg=&#8221;#252525&#8243;]VER PRE\u00c7OS[\/mk_button][\/vc_column_inner][\/vc_row_inner][\/vc_column][vc_column width=&#8221;1\/4&#8243;][\/vc_column][\/mk_page_section]\n","protected":false},"excerpt":{"rendered":"<p>[mk_page_section bg_image=&#8221;http:\/\/sadorivercountryretreat.com\/wp-content\/uploads\/2015\/01\/Casas_do_Rio_Piscina_fundo_2.jpg&#8221; bg_position=&#8221;center bottom&#8221; bg_stretch=&#8221;true&#8221; video_mask=&#8221;true&#8221; video_opacity=&#8221;0.8&#8243; full_height=&#8221;true&#8221; padding_top=&#8221;0&#8243; padding_bottom=&#8221;0&#8243; sidebar=&#8221;sidebar-1&#8243; first_page=&#8221;false&#8221; last_page=&#8221;false&#8221;][vc_column][mk_fancy_title color=&#8221;#ffffff&#8221; size=&#8221;42&#8243; font_weight=&#8221;300&#8243; font_style=&#8221;inhert&#8221; txt_transform=&#8221;uppercase&#8221; margin_bottom=&#8221;18&#8243; font_family=&#8221;none&#8221; align=&#8221;center&#8221;]Acordar com o \u201csil\u00eancio\u201d da natureza\u00a0e pregui\u00e7ar no seu terra\u00e7o&#8230;[\/mk_fancy_title][vc_column_text disable_pattern=&#8221;false&#8221; align=&#8221;center&#8221; css=&#8221;.vc_custom_1614796021198{margin-bottom: 0px !important;}&#8221;]A uma hora de Lisboa, junto \u00e0 aldeia de Sta. Margarida do Sado, as nossas quinze suites convidam a viver ao [&hellip;]<\/p>\n","protected":false},"author":1,"featured_media":0,"parent":0,"menu_order":0,"comment_status":"closed","ping_status":"closed","template":"","meta":{"footnotes":""},"_links":{"self":[{"href":"https:\/\/casasdoriosado.com\/pt\/wp-json\/wp\/v2\/pages\/6096"}],"collection":[{"href":"https:\/\/casasdoriosado.com\/pt\/wp-json\/wp\/v2\/pages"}],"about":[{"href":"https:\/\/casasdoriosado.com\/pt\/wp-json\/wp\/v2\/types\/page"}],"author":[{"embeddable":true,"href":"https:\/\/casasdoriosado.com\/pt\/wp-json\/wp\/v2\/users\/1"}],"replies":[{"embeddable":true,"href":"https:\/\/casasdoriosado.com\/pt\/wp-json\/wp\/v2\/comments?post=6096"}],"version-history":[{"count":248,"href":"https:\/\/casasdoriosado.com\/pt\/wp-json\/wp\/v2\/pages\/6096\/revisions"}],"predecessor-version":[{"id":9846,"href":"https:\/\/casasdoriosado.com\/pt\/wp-json\/wp\/v2\/pages\/6096\/revisions\/9846"}],"wp:attachment":[{"href":"https:\/\/casasdoriosado.com\/pt\/wp-json\/wp\/v2\/media?parent=6096"}],"curies":[{"name":"wp","href":"https:\/\/api.w.org\/{rel}","templated":true}]}}