{"id":6841,"date":"2015-07-06T15:04:13","date_gmt":"2015-07-06T15:04:13","guid":{"rendered":"http:\/\/casasdoriosado.com\/pt\/?page_id=6841"},"modified":"2022-08-10T17:53:35","modified_gmt":"2022-08-10T17:53:35","slug":"turismo_rural","status":"publish","type":"page","link":"https:\/\/casasdoriosado.com\/pt\/turismo_rural\/","title":{"rendered":"Comodidades"},"content":{"rendered":"[mk_page_section bg_image=&#8221;http:\/\/casasdoriosado.com\/pt\/wp-content\/uploads\/2015\/07\/casas_do_rio_sado_piscina_fundo_3.jpg&#8221; bg_position=&#8221;center bottom&#8221; bg_stretch=&#8221;true&#8221; video_mask=&#8221;true&#8221; video_opacity=&#8221;0.9&#8243; full_height=&#8221;true&#8221; padding_top=&#8221;0&#8243; padding_bottom=&#8221;0&#8243; sidebar=&#8221;sidebar-1&#8243; first_page=&#8221;false&#8221; last_page=&#8221;false&#8221;][vc_column][mk_fancy_title color=&#8221;#ffffff&#8221; size=&#8221;40&#8243; font_weight=&#8221;300&#8243; txt_transform=&#8221;uppercase&#8221; margin_bottom=&#8221;18&#8243; font_family=&#8221;none&#8221; align=&#8221;center&#8221;]Nadar ou apenas relaxar<br \/>\nnuma das nossas piscinas&#8230;[\/mk_fancy_title][vc_column_text disable_pattern=&#8221;false&#8221; align=&#8221;center&#8221;]<span style=\"color: #ffffff;\">deixando a vista alongar-se pelos arrozais.<\/span>[\/vc_column_text][mk_padding_divider size=&#8221;30&#8243;][vc_row_inner][vc_column_inner width=&#8221;1\/4&#8243;][\/vc_column_inner][vc_column_inner width=&#8221;1\/4&#8243;][mk_button dimension=&#8221;flat&#8221; corner_style=&#8221;rounded&#8221; size=&#8221;large&#8221; url=&#8221;?page_id=5882&#8243; align=&#8221;center&#8221; fullwidth=&#8221;true&#8221; bg_color=&#8221;#00a651&#8243; btn_hover_bg=&#8221;#252525&#8243;]RESERVAR[\/mk_button][\/vc_column_inner][vc_column_inner width=&#8221;1\/4&#8243;][mk_button dimension=&#8221;flat&#8221; corner_style=&#8221;rounded&#8221; size=&#8221;large&#8221; url=&#8221;#suites&#8221; align=&#8221;center&#8221; fullwidth=&#8221;true&#8221; bg_color=&#8221;#bb9f4a&#8221; btn_hover_bg=&#8221;#252525&#8243;]VER AS \u00c1REAS[\/mk_button][\/vc_column_inner][vc_column_inner width=&#8221;1\/4&#8243;][\/vc_column_inner][\/vc_row_inner][\/vc_column][\/mk_page_section][mk_page_section bg_position=&#8221;center bottom&#8221; bg_stretch=&#8221;true&#8221; padding_top=&#8221;0&#8243; padding_bottom=&#8221;0&#8243; section_id=&#8221;suites&#8221; sidebar=&#8221;sidebar-1&#8243; first_page=&#8221;false&#8221; last_page=&#8221;false&#8221;][vc_column width=&#8221;1\/6&#8243;][\/vc_column][vc_column width=&#8221;2\/3&#8243;][mk_fancy_title color=&#8221;#393836&#8243; size=&#8221;30&#8243; font_weight=&#8221;300&#8243; txt_transform=&#8221;uppercase&#8221; margin_top=&#8221;50&#8243; margin_bottom=&#8221;10&#8243; font_family=&#8221;none&#8221; align=&#8221;center&#8221;]Planta do Turismo Rural[\/mk_fancy_title][mk_image src=&#8221;http:\/\/casasdoriosado.com\/pt\/wp-content\/uploads\/2015\/01\/planta_geral_da_propriedade_950X530_pt.png&#8221; image_size=&#8221;full&#8221;][mk_fancy_title color=&#8221;#393836&#8243; size=&#8221;30&#8243; font_weight=&#8221;300&#8243; txt_transform=&#8221;uppercase&#8221; margin_top=&#8221;50&#8243; margin_bottom=&#8221;10&#8243; font_family=&#8221;none&#8221; align=&#8221;center&#8221;]nas \u00e1reas comuns encontra tamb\u00e9m[\/mk_fancy_title][mk_image src=&#8221;http:\/\/casasdoriosado.com\/pt\/wp-content\/uploads\/2019\/12\/breakfast_room_800x600-1.jpg&#8221; image_size=&#8221;full&#8221;][vc_column_text disable_pattern=&#8221;false&#8221; align=&#8221;center&#8221; margin_bottom=&#8221;20&#8243; css=&#8221;.vc_custom_1660153999937{margin-bottom: 20px !important;}&#8221;]Sala do pequeno almo\u00e7o[\/vc_column_text][mk_image src=&#8221;http:\/\/casasdoriosado.com\/pt\/wp-content\/uploads\/2019\/12\/guest_kitchen_800x600.jpg&#8221; image_size=&#8221;full&#8221;][vc_column_text disable_pattern=&#8221;false&#8221; align=&#8221;center&#8221; margin_bottom=&#8221;20&#8243; css=&#8221;.vc_custom_1627557741860{margin-bottom: 20px !important;}&#8221;]Cozinha dos h\u00f3spedes (temporariamente indispon\u00edvel)[\/vc_column_text][mk_image src=&#8221;http:\/\/casasdoriosado.com\/pt\/wp-content\/uploads\/2019\/12\/bar_800x600.jpg&#8221; image_size=&#8221;full&#8221;][vc_column_text disable_pattern=&#8221;false&#8221; align=&#8221;center&#8221; margin_bottom=&#8221;20&#8243; css=&#8221;.vc_custom_1623236235819{margin-bottom: 20px !important;}&#8221;]Duas piscinas exteriores[\/vc_column_text][mk_image src=&#8221;http:\/\/casasdoriosado.com\/pt\/wp-content\/uploads\/2019\/12\/reception_view_800x600-2.jpg&#8221; image_size=&#8221;full&#8221;][vc_column_text disable_pattern=&#8221;false&#8221; align=&#8221;center&#8221; margin_bottom=&#8221;20&#8243; css=&#8221;.vc_custom_1660154009068{margin-bottom: 20px !important;}&#8221;]<em>Honesty Bar\u00a0<\/em>[\/vc_column_text][mk_image src=&#8221;http:\/\/casasdoriosado.com\/pt\/wp-content\/uploads\/2019\/12\/shelter_800x600.jpg&#8221; image_size=&#8221;full&#8221;][vc_column_text disable_pattern=&#8221;false&#8221; align=&#8221;center&#8221; margin_bottom=&#8221;20&#8243; css=&#8221;.vc_custom_1623236361936{margin-bottom: 20px !important;}&#8221;]Zona de estar sob um telheiro[\/vc_column_text][mk_image src=&#8221;http:\/\/casasdoriosado.com\/pt\/wp-content\/uploads\/2021\/03\/multipurposehall_interior_red_800x600.jpg&#8221; image_size=&#8221;full&#8221;][vc_column_text disable_pattern=&#8221;false&#8221; align=&#8221;center&#8221; margin_bottom=&#8221;20&#8243; css=&#8221;.vc_custom_1623524278860{margin-bottom: 20px !important;}&#8221;]Sal\u00e3o de eventos 100 m2 para retiros, workshops e banquetes (pre\u00e7o sob consulta)[\/vc_column_text][mk_image src=&#8221;http:\/\/casasdoriosado.com\/pt\/wp-content\/uploads\/2019\/12\/playing_area_800x600.jpg&#8221; image_size=&#8221;full&#8221;][vc_column_text disable_pattern=&#8221;false&#8221; align=&#8221;center&#8221; margin_bottom=&#8221;20&#8243; css=&#8221;.vc_custom_1623236450491{margin-bottom: 20px !important;}&#8221;]Campo de jogos ao ar livre[\/vc_column_text][mk_fancy_title color=&#8221;#393836&#8243; size=&#8221;30&#8243; font_weight=&#8221;300&#8243; txt_transform=&#8221;uppercase&#8221; margin_top=&#8221;50&#8243; margin_bottom=&#8221;10&#8243; font_family=&#8221;none&#8221; align=&#8221;center&#8221;]OS NOSSOS SERVI\u00c7OS[\/mk_fancy_title][vc_column_text disable_pattern=&#8221;false&#8221; align=&#8221;center&#8221; margin_bottom=&#8221;20&#8243; css=&#8221;.vc_custom_1627557798916{margin-bottom: 20px !important;}&#8221;]Pequeno-almo\u00e7o continental com fruta fresca e produtos t\u00edpicos da regi\u00e3o entre as 8:30 e as 10:30 (temporariamente indispon\u00edvel).<\/p>\n<p>Cozinha partilhada onde os h\u00f3spedes podem preparar as suas pr\u00f3prias refei\u00e7\u00f5es. Aberta todo o dia e equipada com um combinado com congelador, um frigor\u00edfico sob a bancada, um mini-frigor\u00edfico, 2 lava-loi\u00e7as, micro-ondas e placa vitrocer\u00e2mica (temporariamente indispon\u00edvel).<\/p>\n<p>Refei\u00e7\u00f5es \u2013 Foi colocada uma mesa exterior em cada suite para que os h\u00f3spedes possam tomar as suas refei\u00e7\u00f5es ao ar livre e na zona do p\u00e1tio temos v\u00e1rias mesas de maior dimens\u00e3o. Existem bastantes restaurantes no Canal Caveira (10 km), Figueira de Cavaleiros (14 km), Ermidas do Sado (19 km), Gr\u00e2ndola (21 km) e Ferreira do Alentejo (21 km), muitos dos quais com take-away.<\/p>\n<p>Honesty Bar \u2013 Disponibilizamos bebidas e aperitivos, mediante anota\u00e7\u00e3o de consumos e pagamento no final da estadia (temporariamente indispon\u00edvel).<\/p>\n<p>Piscinas ao ar livre, uma com 14 m x 6 m e a outra com 4 m x 6 m, abertas durante a primavera e o ver\u00e3o.[\/vc_column_text][\/vc_column][vc_column width=&#8221;1\/6&#8243;][\/vc_column][\/mk_page_section][mk_page_section bg_position=&#8221;center top&#8221; bg_stretch=&#8221;true&#8221; padding_top=&#8221;50&#8243; padding_bottom=&#8221;100&#8243; sidebar=&#8221;sidebar-1&#8243; first_page=&#8221;false&#8221; last_page=&#8221;false&#8221;][vc_column width=&#8221;1\/4&#8243;][\/vc_column][vc_column width=&#8221;1\/2&#8243;][vc_separator color=&#8221;custom&#8221; accent_color=&#8221;#333333&#8243;][mk_fancy_title color=&#8221;#393836&#8243; size=&#8221;30&#8243; font_weight=&#8221;300&#8243; font_style=&#8221;inhert&#8221; txt_transform=&#8221;uppercase&#8221; margin_top=&#8221;40&#8243; margin_bottom=&#8221;30&#8243; font_family=&#8221;none&#8221; align=&#8221;center&#8221;]Reservas e Pre\u00e7os[\/mk_fancy_title][vc_row_inner][vc_column_inner width=&#8221;1\/2&#8243;][mk_button dimension=&#8221;flat&#8221; corner_style=&#8221;rounded&#8221; size=&#8221;large&#8221; url=&#8221;?page_id=5882&#8243; align=&#8221;center&#8221; fullwidth=&#8221;true&#8221; bg_color=&#8221;#00a651&#8243; btn_hover_bg=&#8221;#252525&#8243;]RESERVAR[\/mk_button][\/vc_column_inner][vc_column_inner width=&#8221;1\/2&#8243;][mk_button dimension=&#8221;flat&#8221; corner_style=&#8221;rounded&#8221; size=&#8221;large&#8221; url=&#8221;?page_id=5874&#8243; align=&#8221;center&#8221; fullwidth=&#8221;true&#8221; bg_color=&#8221;#bb9f4a&#8221; btn_hover_bg=&#8221;#252525&#8243;]DESCOBRIR MAIS[\/mk_button][\/vc_column_inner][\/vc_row_inner][\/vc_column][vc_column width=&#8221;1\/4&#8243;][\/vc_column][\/mk_page_section]\n","protected":false},"excerpt":{"rendered":"<p>[mk_page_section bg_image=&#8221;http:\/\/casasdoriosado.com\/pt\/wp-content\/uploads\/2015\/07\/casas_do_rio_sado_piscina_fundo_3.jpg&#8221; bg_position=&#8221;center bottom&#8221; bg_stretch=&#8221;true&#8221; video_mask=&#8221;true&#8221; video_opacity=&#8221;0.9&#8243; full_height=&#8221;true&#8221; padding_top=&#8221;0&#8243; padding_bottom=&#8221;0&#8243; sidebar=&#8221;sidebar-1&#8243; first_page=&#8221;false&#8221; last_page=&#8221;false&#8221;][vc_column][mk_fancy_title color=&#8221;#ffffff&#8221; size=&#8221;40&#8243; font_weight=&#8221;300&#8243; txt_transform=&#8221;uppercase&#8221; margin_bottom=&#8221;18&#8243; font_family=&#8221;none&#8221; align=&#8221;center&#8221;]Nadar ou apenas relaxar numa das nossas piscinas&#8230;[\/mk_fancy_title][vc_column_text disable_pattern=&#8221;false&#8221; align=&#8221;center&#8221;]deixando a vista alongar-se pelos arrozais.[\/vc_column_text][mk_padding_divider size=&#8221;30&#8243;][vc_row_inner][vc_column_inner width=&#8221;1\/4&#8243;][\/vc_column_inner][vc_column_inner width=&#8221;1\/4&#8243;][mk_button dimension=&#8221;flat&#8221; corner_style=&#8221;rounded&#8221; size=&#8221;large&#8221; url=&#8221;?page_id=5882&#8243; align=&#8221;center&#8221; fullwidth=&#8221;true&#8221; bg_color=&#8221;#00a651&#8243; btn_hover_bg=&#8221;#252525&#8243;]RESERVAR[\/mk_button][\/vc_column_inner][vc_column_inner width=&#8221;1\/4&#8243;][mk_button dimension=&#8221;flat&#8221; corner_style=&#8221;rounded&#8221; size=&#8221;large&#8221; url=&#8221;#suites&#8221; align=&#8221;center&#8221; fullwidth=&#8221;true&#8221; bg_color=&#8221;#bb9f4a&#8221; btn_hover_bg=&#8221;#252525&#8243;]VER AS [&hellip;]<\/p>\n","protected":false},"author":1,"featured_media":0,"parent":0,"menu_order":0,"comment_status":"closed","ping_status":"closed","template":"","meta":{"footnotes":""},"_links":{"self":[{"href":"https:\/\/casasdoriosado.com\/pt\/wp-json\/wp\/v2\/pages\/6841"}],"collection":[{"href":"https:\/\/casasdoriosado.com\/pt\/wp-json\/wp\/v2\/pages"}],"about":[{"href":"https:\/\/casasdoriosado.com\/pt\/wp-json\/wp\/v2\/types\/page"}],"author":[{"embeddable":true,"href":"https:\/\/casasdoriosado.com\/pt\/wp-json\/wp\/v2\/users\/1"}],"replies":[{"embeddable":true,"href":"https:\/\/casasdoriosado.com\/pt\/wp-json\/wp\/v2\/comments?post=6841"}],"version-history":[{"count":151,"href":"https:\/\/casasdoriosado.com\/pt\/wp-json\/wp\/v2\/pages\/6841\/revisions"}],"predecessor-version":[{"id":9863,"href":"https:\/\/casasdoriosado.com\/pt\/wp-json\/wp\/v2\/pages\/6841\/revisions\/9863"}],"wp:attachment":[{"href":"https:\/\/casasdoriosado.com\/pt\/wp-json\/wp\/v2\/media?parent=6841"}],"curies":[{"name":"wp","href":"https:\/\/api.w.org\/{rel}","templated":true}]}}